{"id":132,"date":"2022-01-12T10:47:21","date_gmt":"2022-01-12T13:47:21","guid":{"rendered":"http:\/\/localhost:8888\/website-aurora-coop\/?page_id=132"},"modified":"2025-03-11T13:39:03","modified_gmt":"2025-03-11T16:39:03","slug":"who-we-are","status":"publish","type":"page","link":"https:\/\/auroracoop.com.br\/en\/who-we-are\/","title":{"rendered":"Who We Are"},"content":{"rendered":"\n<p>Cooperating is in everyday life. It goes far beyond a business model, it is a philosophy of life. It&#8217;s thinking about the collective, dividing, sharing.&nbsp;<\/p>\n\n\n\n<p>And we, at Aurora Coop, are proud to say that we are made up of more than 150,000 families. A sum that unites employees, rural entrepreneurs and affiliated cooperatives, which for more than five decades have been dedicated to build one of the largest food cooperatives in Brazil.\u00a0<\/p>\n\n\n\n<p>Our management is participatory and we operate in the industrialization and commercialization of pork meat, poultry meat, dairies, pastas, vegetables, fishes and supplements for animal nutrition. The care we use to produce raw material in the field, the transparency in our relationships and the excellence used in each production stage of our food, guarantees the recognition of consumers all over the world, positioning us as one of Brazil&#8217;s main animal protein industries.<\/p>\n\n\n\n<p>Learn more about our universe and essence here.<\/p>\n\n\n\n<figure class=\"wp-block-embed is-type-video is-provider-youtube wp-block-embed-youtube wp-embed-aspect-16-9 wp-has-aspect-ratio\"><div class=\"wp-block-embed__wrapper\">\n<iframe loading=\"lazy\" title=\"Aurora Coop Institutional Film | English Version\" width=\"500\" height=\"281\" src=\"https:\/\/www.youtube.com\/embed\/sSyp6_yelaQ?feature=oembed\" frameborder=\"0\" allow=\"accelerometer; autoplay; clipboard-write; encrypted-media; gyroscope; picture-in-picture; web-share\" referrerpolicy=\"strict-origin-when-cross-origin\" allowfullscreen><\/iframe>\n<\/div><\/figure>\n\n\n\n<h2 class=\"wp-block-heading title\" id=\"nossos-ideais\"><strong>Our Ideals<\/strong><\/h2>\n\n\n\n<h3 class=\"wp-block-heading subtitle\" id=\"proposito-missao-visao-e-valores\">Purpose, Mission, Vision and Values<\/h3>\n\n\n\n<p>At Aurora Coop we are driven by the <strong>purpose <\/strong>of \u201cTaking care of each other to arouse prosperity for all\u201d. And that&#8217;s not just a sentence, it&#8217;s who we are.<\/p>\n\n\n\n<p>We are proud of our cooperative essence and we work together so that this great system of which we are part remains alive, stimulating the cooperation and evolution of thousands of families in the countryside and in the city.<\/p>\n\n\n\n<p>Our <strong>mission<\/strong> is \u201cTo provide excellent food, arousing prosperity in the countryside and in the city\u201d. Our<strong> vision<\/strong> is \u201cTo be recognized as a reference cooperative in food in Brazil and in the world\u201d. And our <strong>values<\/strong> are: ethics, quality, trust, cooperation, sustainability and simplicity.<\/p>\n","protected":false},"excerpt":{"rendered":"<p>One of the largest cooperatives in the country.<\/p>\n","protected":false},"author":1,"featured_media":0,"parent":0,"menu_order":0,"comment_status":"closed","ping_status":"closed","template":"page-quem-somos.php","meta":{"footnotes":""},"class_list":["post-132","page","type-page","status-publish","hentry"],"acf":[],"yoast_head":"<!-- This site is optimized with the Yoast SEO plugin v26.8 - https:\/\/yoast.com\/product\/yoast-seo-wordpress\/ -->\n<title>Who We Are | Aurora Coop<\/title>\n<meta name=\"description\" content=\"Aurora Coop, uma das maiores cooperativas do Pa\u00eds. A ess\u00eancia da Aurora s\u00e3o as pessoas. Com gest\u00e3o participativa, atua na industrializa\u00e7\u00e3o e comercializa\u00e7\u00e3o de carnes su\u00ednas, aves, l\u00e1cteos, massas, vegetais e suplementos para nutri\u00e7\u00e3o animal em todo o Brasil. A Sustentabilidade e a qualidade fazem parte da ess\u00eancia da Aurora Alimentos.\" \/>\n<meta name=\"robots\" content=\"index, follow, max-snippet:-1, max-image-preview:large, max-video-preview:-1\" \/>\n<link rel=\"canonical\" href=\"https:\/\/auroracoop.com.br\/en\/who-we-are\/\" \/>\n<meta property=\"og:locale\" content=\"pt_BR\" \/>\n<meta property=\"og:type\" content=\"article\" \/>\n<meta property=\"og:title\" content=\"Who We Are | Aurora Coop\" \/>\n<meta property=\"og:description\" content=\"Aurora Coop, uma das maiores cooperativas do Pa\u00eds. A ess\u00eancia da Aurora s\u00e3o as pessoas. Com gest\u00e3o participativa, atua na industrializa\u00e7\u00e3o e comercializa\u00e7\u00e3o de carnes su\u00ednas, aves, l\u00e1cteos, massas, vegetais e suplementos para nutri\u00e7\u00e3o animal em todo o Brasil. A Sustentabilidade e a qualidade fazem parte da ess\u00eancia da Aurora Alimentos.\" \/>\n<meta property=\"og:url\" content=\"https:\/\/auroracoop.com.br\/en\/who-we-are\/\" \/>\n<meta property=\"og:site_name\" content=\"Aurora Coop\" \/>\n<meta property=\"article:modified_time\" content=\"2025-03-11T16:39:03+00:00\" \/>\n<meta name=\"twitter:card\" content=\"summary_large_image\" \/>\n<meta name=\"twitter:label1\" content=\"Est. tempo de leitura\" \/>\n\t<meta name=\"twitter:data1\" content=\"2 minutos\" \/>\n<script type=\"application\/ld+json\" class=\"yoast-schema-graph\">{\"@context\":\"https:\/\/schema.org\",\"@graph\":[{\"@type\":\"WebPage\",\"@id\":\"https:\/\/auroracoop.com.br\/en\/who-we-are\/\",\"url\":\"https:\/\/auroracoop.com.br\/en\/who-we-are\/\",\"name\":\"Who We Are | Aurora Coop\",\"isPartOf\":{\"@id\":\"https:\/\/auroracoop.com.br\/en\/#website\"},\"datePublished\":\"2022-01-12T13:47:21+00:00\",\"dateModified\":\"2025-03-11T16:39:03+00:00\",\"description\":\"Aurora Coop, uma das maiores cooperativas do Pa\u00eds. A ess\u00eancia da Aurora s\u00e3o as pessoas. Com gest\u00e3o participativa, atua na industrializa\u00e7\u00e3o e comercializa\u00e7\u00e3o de carnes su\u00ednas, aves, l\u00e1cteos, massas, vegetais e suplementos para nutri\u00e7\u00e3o animal em todo o Brasil. A Sustentabilidade e a qualidade fazem parte da ess\u00eancia da Aurora Alimentos.\",\"breadcrumb\":{\"@id\":\"https:\/\/auroracoop.com.br\/en\/who-we-are\/#breadcrumb\"},\"inLanguage\":\"pt-BR\",\"potentialAction\":[{\"@type\":\"ReadAction\",\"target\":[\"https:\/\/auroracoop.com.br\/en\/who-we-are\/\"]}]},{\"@type\":\"BreadcrumbList\",\"@id\":\"https:\/\/auroracoop.com.br\/en\/who-we-are\/#breadcrumb\",\"itemListElement\":[{\"@type\":\"ListItem\",\"position\":1,\"name\":\"In\u00edcio\",\"item\":\"https:\/\/auroracoop.com.br\/en\/\"},{\"@type\":\"ListItem\",\"position\":2,\"name\":\"Who We Are\"}]},{\"@type\":\"WebSite\",\"@id\":\"https:\/\/auroracoop.com.br\/en\/#website\",\"url\":\"https:\/\/auroracoop.com.br\/en\/\",\"name\":\"Aurora Coop\",\"description\":\"Aurora&#039;s essence is people\",\"publisher\":{\"@id\":\"https:\/\/auroracoop.com.br\/en\/#organization\"},\"potentialAction\":[{\"@type\":\"SearchAction\",\"target\":{\"@type\":\"EntryPoint\",\"urlTemplate\":\"https:\/\/auroracoop.com.br\/en\/?s={search_term_string}\"},\"query-input\":{\"@type\":\"PropertyValueSpecification\",\"valueRequired\":true,\"valueName\":\"search_term_string\"}}],\"inLanguage\":\"pt-BR\"},{\"@type\":\"Organization\",\"@id\":\"https:\/\/auroracoop.com.br\/en\/#organization\",\"name\":\"Aurora Coop\",\"url\":\"https:\/\/auroracoop.com.br\/en\/\",\"logo\":{\"@type\":\"ImageObject\",\"inLanguage\":\"pt-BR\",\"@id\":\"https:\/\/auroracoop.com.br\/en\/#\/schema\/logo\/image\/\",\"url\":\"https:\/\/auroracoop.com.br\/en\/wp-content\/uploads\/sites\/2\/2022\/04\/logo.svg\",\"contentUrl\":\"https:\/\/auroracoop.com.br\/en\/wp-content\/uploads\/sites\/2\/2022\/04\/logo.svg\",\"width\":230,\"height\":54,\"caption\":\"Aurora Coop\"},\"image\":{\"@id\":\"https:\/\/auroracoop.com.br\/en\/#\/schema\/logo\/image\/\"}}]}<\/script>\n<!-- \/ Yoast SEO plugin. -->","yoast_head_json":{"title":"Who We Are | Aurora Coop","description":"Aurora Coop, uma das maiores cooperativas do Pa\u00eds. A ess\u00eancia da Aurora s\u00e3o as pessoas. Com gest\u00e3o participativa, atua na industrializa\u00e7\u00e3o e comercializa\u00e7\u00e3o de carnes su\u00ednas, aves, l\u00e1cteos, massas, vegetais e suplementos para nutri\u00e7\u00e3o animal em todo o Brasil. A Sustentabilidade e a qualidade fazem parte da ess\u00eancia da Aurora Alimentos.","robots":{"index":"index","follow":"follow","max-snippet":"max-snippet:-1","max-image-preview":"max-image-preview:large","max-video-preview":"max-video-preview:-1"},"canonical":"https:\/\/auroracoop.com.br\/en\/who-we-are\/","og_locale":"pt_BR","og_type":"article","og_title":"Who We Are | Aurora Coop","og_description":"Aurora Coop, uma das maiores cooperativas do Pa\u00eds. A ess\u00eancia da Aurora s\u00e3o as pessoas. Com gest\u00e3o participativa, atua na industrializa\u00e7\u00e3o e comercializa\u00e7\u00e3o de carnes su\u00ednas, aves, l\u00e1cteos, massas, vegetais e suplementos para nutri\u00e7\u00e3o animal em todo o Brasil. A Sustentabilidade e a qualidade fazem parte da ess\u00eancia da Aurora Alimentos.","og_url":"https:\/\/auroracoop.com.br\/en\/who-we-are\/","og_site_name":"Aurora Coop","article_modified_time":"2025-03-11T16:39:03+00:00","twitter_card":"summary_large_image","twitter_misc":{"Est. tempo de leitura":"2 minutos"},"schema":{"@context":"https:\/\/schema.org","@graph":[{"@type":"WebPage","@id":"https:\/\/auroracoop.com.br\/en\/who-we-are\/","url":"https:\/\/auroracoop.com.br\/en\/who-we-are\/","name":"Who We Are | Aurora Coop","isPartOf":{"@id":"https:\/\/auroracoop.com.br\/en\/#website"},"datePublished":"2022-01-12T13:47:21+00:00","dateModified":"2025-03-11T16:39:03+00:00","description":"Aurora Coop, uma das maiores cooperativas do Pa\u00eds. A ess\u00eancia da Aurora s\u00e3o as pessoas. Com gest\u00e3o participativa, atua na industrializa\u00e7\u00e3o e comercializa\u00e7\u00e3o de carnes su\u00ednas, aves, l\u00e1cteos, massas, vegetais e suplementos para nutri\u00e7\u00e3o animal em todo o Brasil. A Sustentabilidade e a qualidade fazem parte da ess\u00eancia da Aurora Alimentos.","breadcrumb":{"@id":"https:\/\/auroracoop.com.br\/en\/who-we-are\/#breadcrumb"},"inLanguage":"pt-BR","potentialAction":[{"@type":"ReadAction","target":["https:\/\/auroracoop.com.br\/en\/who-we-are\/"]}]},{"@type":"BreadcrumbList","@id":"https:\/\/auroracoop.com.br\/en\/who-we-are\/#breadcrumb","itemListElement":[{"@type":"ListItem","position":1,"name":"In\u00edcio","item":"https:\/\/auroracoop.com.br\/en\/"},{"@type":"ListItem","position":2,"name":"Who We Are"}]},{"@type":"WebSite","@id":"https:\/\/auroracoop.com.br\/en\/#website","url":"https:\/\/auroracoop.com.br\/en\/","name":"Aurora Coop","description":"Aurora&#039;s essence is people","publisher":{"@id":"https:\/\/auroracoop.com.br\/en\/#organization"},"potentialAction":[{"@type":"SearchAction","target":{"@type":"EntryPoint","urlTemplate":"https:\/\/auroracoop.com.br\/en\/?s={search_term_string}"},"query-input":{"@type":"PropertyValueSpecification","valueRequired":true,"valueName":"search_term_string"}}],"inLanguage":"pt-BR"},{"@type":"Organization","@id":"https:\/\/auroracoop.com.br\/en\/#organization","name":"Aurora Coop","url":"https:\/\/auroracoop.com.br\/en\/","logo":{"@type":"ImageObject","inLanguage":"pt-BR","@id":"https:\/\/auroracoop.com.br\/en\/#\/schema\/logo\/image\/","url":"https:\/\/auroracoop.com.br\/en\/wp-content\/uploads\/sites\/2\/2022\/04\/logo.svg","contentUrl":"https:\/\/auroracoop.com.br\/en\/wp-content\/uploads\/sites\/2\/2022\/04\/logo.svg","width":230,"height":54,"caption":"Aurora Coop"},"image":{"@id":"https:\/\/auroracoop.com.br\/en\/#\/schema\/logo\/image\/"}}]}},"_links":{"self":[{"href":"https:\/\/auroracoop.com.br\/en\/wp-json\/wp\/v2\/pages\/132","targetHints":{"allow":["GET"]}}],"collection":[{"href":"https:\/\/auroracoop.com.br\/en\/wp-json\/wp\/v2\/pages"}],"about":[{"href":"https:\/\/auroracoop.com.br\/en\/wp-json\/wp\/v2\/types\/page"}],"author":[{"embeddable":true,"href":"https:\/\/auroracoop.com.br\/en\/wp-json\/wp\/v2\/users\/1"}],"replies":[{"embeddable":true,"href":"https:\/\/auroracoop.com.br\/en\/wp-json\/wp\/v2\/comments?post=132"}],"version-history":[{"count":11,"href":"https:\/\/auroracoop.com.br\/en\/wp-json\/wp\/v2\/pages\/132\/revisions"}],"predecessor-version":[{"id":2300,"href":"https:\/\/auroracoop.com.br\/en\/wp-json\/wp\/v2\/pages\/132\/revisions\/2300"}],"wp:attachment":[{"href":"https:\/\/auroracoop.com.br\/en\/wp-json\/wp\/v2\/media?parent=132"}],"curies":[{"name":"wp","href":"https:\/\/api.w.org\/{rel}","templated":true}]}}