{"id":147,"date":"2022-01-12T12:20:21","date_gmt":"2022-01-12T15:20:21","guid":{"rendered":"http:\/\/localhost:8888\/website-aurora-coop\/?page_id=147"},"modified":"2025-03-11T13:46:34","modified_gmt":"2025-03-11T16:46:34","slug":"aurora-coop-system","status":"publish","type":"page","link":"https:\/\/auroracoop.com.br\/en\/aurora-coop-system\/","title":{"rendered":"Aurora Coop System"},"content":{"rendered":"\n<p>Aurora Coop is a central cooperative that unites the strength of fourteen unique cooperatives present in the states of Santa Catarina, Paran\u00e1 and Mato Grosso do Sul. Thousands of families of rural entrepreneurs are associated with them, who produce with care and dedication the raw material that gives rise to the products of our brands, in more than 1000 Brazilian cities.<\/p>\n\n\n\n<div style=\"height:30px\" aria-hidden=\"true\" class=\"wp-block-spacer\"><\/div>\n","protected":false},"excerpt":{"rendered":"<p>Our production chain begins with the activities of fourteen unique cooperatives.<\/p>\n","protected":false},"author":1,"featured_media":0,"parent":0,"menu_order":0,"comment_status":"closed","ping_status":"closed","template":"page-sistema-aurora.php","meta":{"footnotes":""},"class_list":["post-147","page","type-page","status-publish","hentry"],"acf":[],"yoast_head":"<!-- This site is optimized with the Yoast SEO plugin v26.8 - https:\/\/yoast.com\/product\/yoast-seo-wordpress\/ -->\n<title>Aurora Coop System | Aurora Coop<\/title>\n<meta name=\"description\" content=\"Aurora Coop. A ess\u00eancia da Aurora s\u00e3o as pessoas. Com gest\u00e3o participativa, atua na industrializa\u00e7\u00e3o e comercializa\u00e7\u00e3o de carnes su\u00ednas, aves, l\u00e1cteos, massas, vegetais e suplementos para nutri\u00e7\u00e3o animal em todo o Brasil. A Sustentabilidade e a qualidade fazem parte da ess\u00eancia da Aurora Alimentos.\" \/>\n<meta name=\"robots\" content=\"index, follow, max-snippet:-1, max-image-preview:large, max-video-preview:-1\" \/>\n<link rel=\"canonical\" href=\"https:\/\/auroracoop.com.br\/en\/aurora-coop-system\/\" \/>\n<meta property=\"og:locale\" content=\"pt_BR\" \/>\n<meta property=\"og:type\" content=\"article\" \/>\n<meta property=\"og:title\" content=\"Aurora Coop System | Aurora Coop\" \/>\n<meta property=\"og:description\" content=\"Aurora Coop. A ess\u00eancia da Aurora s\u00e3o as pessoas. Com gest\u00e3o participativa, atua na industrializa\u00e7\u00e3o e comercializa\u00e7\u00e3o de carnes su\u00ednas, aves, l\u00e1cteos, massas, vegetais e suplementos para nutri\u00e7\u00e3o animal em todo o Brasil. A Sustentabilidade e a qualidade fazem parte da ess\u00eancia da Aurora Alimentos.\" \/>\n<meta property=\"og:url\" content=\"https:\/\/auroracoop.com.br\/en\/aurora-coop-system\/\" \/>\n<meta property=\"og:site_name\" content=\"Aurora Coop\" \/>\n<meta property=\"article:modified_time\" content=\"2025-03-11T16:46:34+00:00\" \/>\n<meta name=\"twitter:card\" content=\"summary_large_image\" \/>\n<meta name=\"twitter:label1\" content=\"Est. tempo de leitura\" \/>\n\t<meta name=\"twitter:data1\" content=\"7 minutos\" \/>\n<script type=\"application\/ld+json\" class=\"yoast-schema-graph\">{\"@context\":\"https:\/\/schema.org\",\"@graph\":[{\"@type\":\"WebPage\",\"@id\":\"https:\/\/auroracoop.com.br\/en\/aurora-coop-system\/\",\"url\":\"https:\/\/auroracoop.com.br\/en\/aurora-coop-system\/\",\"name\":\"Aurora Coop System | Aurora Coop\",\"isPartOf\":{\"@id\":\"https:\/\/auroracoop.com.br\/en\/#website\"},\"datePublished\":\"2022-01-12T15:20:21+00:00\",\"dateModified\":\"2025-03-11T16:46:34+00:00\",\"description\":\"Aurora Coop. A ess\u00eancia da Aurora s\u00e3o as pessoas. Com gest\u00e3o participativa, atua na industrializa\u00e7\u00e3o e comercializa\u00e7\u00e3o de carnes su\u00ednas, aves, l\u00e1cteos, massas, vegetais e suplementos para nutri\u00e7\u00e3o animal em todo o Brasil. A Sustentabilidade e a qualidade fazem parte da ess\u00eancia da Aurora Alimentos.\",\"breadcrumb\":{\"@id\":\"https:\/\/auroracoop.com.br\/en\/aurora-coop-system\/#breadcrumb\"},\"inLanguage\":\"pt-BR\",\"potentialAction\":[{\"@type\":\"ReadAction\",\"target\":[\"https:\/\/auroracoop.com.br\/en\/aurora-coop-system\/\"]}]},{\"@type\":\"BreadcrumbList\",\"@id\":\"https:\/\/auroracoop.com.br\/en\/aurora-coop-system\/#breadcrumb\",\"itemListElement\":[{\"@type\":\"ListItem\",\"position\":1,\"name\":\"In\u00edcio\",\"item\":\"https:\/\/auroracoop.com.br\/en\/\"},{\"@type\":\"ListItem\",\"position\":2,\"name\":\"Aurora Coop System\"}]},{\"@type\":\"WebSite\",\"@id\":\"https:\/\/auroracoop.com.br\/en\/#website\",\"url\":\"https:\/\/auroracoop.com.br\/en\/\",\"name\":\"Aurora Coop\",\"description\":\"Aurora&#039;s essence is people\",\"publisher\":{\"@id\":\"https:\/\/auroracoop.com.br\/en\/#organization\"},\"potentialAction\":[{\"@type\":\"SearchAction\",\"target\":{\"@type\":\"EntryPoint\",\"urlTemplate\":\"https:\/\/auroracoop.com.br\/en\/?s={search_term_string}\"},\"query-input\":{\"@type\":\"PropertyValueSpecification\",\"valueRequired\":true,\"valueName\":\"search_term_string\"}}],\"inLanguage\":\"pt-BR\"},{\"@type\":\"Organization\",\"@id\":\"https:\/\/auroracoop.com.br\/en\/#organization\",\"name\":\"Aurora Coop\",\"url\":\"https:\/\/auroracoop.com.br\/en\/\",\"logo\":{\"@type\":\"ImageObject\",\"inLanguage\":\"pt-BR\",\"@id\":\"https:\/\/auroracoop.com.br\/en\/#\/schema\/logo\/image\/\",\"url\":\"https:\/\/auroracoop.com.br\/en\/wp-content\/uploads\/sites\/2\/2022\/04\/logo.svg\",\"contentUrl\":\"https:\/\/auroracoop.com.br\/en\/wp-content\/uploads\/sites\/2\/2022\/04\/logo.svg\",\"width\":230,\"height\":54,\"caption\":\"Aurora Coop\"},\"image\":{\"@id\":\"https:\/\/auroracoop.com.br\/en\/#\/schema\/logo\/image\/\"}}]}<\/script>\n<!-- \/ Yoast SEO plugin. -->","yoast_head_json":{"title":"Aurora Coop System | Aurora Coop","description":"Aurora Coop. A ess\u00eancia da Aurora s\u00e3o as pessoas. Com gest\u00e3o participativa, atua na industrializa\u00e7\u00e3o e comercializa\u00e7\u00e3o de carnes su\u00ednas, aves, l\u00e1cteos, massas, vegetais e suplementos para nutri\u00e7\u00e3o animal em todo o Brasil. A Sustentabilidade e a qualidade fazem parte da ess\u00eancia da Aurora Alimentos.","robots":{"index":"index","follow":"follow","max-snippet":"max-snippet:-1","max-image-preview":"max-image-preview:large","max-video-preview":"max-video-preview:-1"},"canonical":"https:\/\/auroracoop.com.br\/en\/aurora-coop-system\/","og_locale":"pt_BR","og_type":"article","og_title":"Aurora Coop System | Aurora Coop","og_description":"Aurora Coop. A ess\u00eancia da Aurora s\u00e3o as pessoas. Com gest\u00e3o participativa, atua na industrializa\u00e7\u00e3o e comercializa\u00e7\u00e3o de carnes su\u00ednas, aves, l\u00e1cteos, massas, vegetais e suplementos para nutri\u00e7\u00e3o animal em todo o Brasil. A Sustentabilidade e a qualidade fazem parte da ess\u00eancia da Aurora Alimentos.","og_url":"https:\/\/auroracoop.com.br\/en\/aurora-coop-system\/","og_site_name":"Aurora Coop","article_modified_time":"2025-03-11T16:46:34+00:00","twitter_card":"summary_large_image","twitter_misc":{"Est. tempo de leitura":"7 minutos"},"schema":{"@context":"https:\/\/schema.org","@graph":[{"@type":"WebPage","@id":"https:\/\/auroracoop.com.br\/en\/aurora-coop-system\/","url":"https:\/\/auroracoop.com.br\/en\/aurora-coop-system\/","name":"Aurora Coop System | Aurora Coop","isPartOf":{"@id":"https:\/\/auroracoop.com.br\/en\/#website"},"datePublished":"2022-01-12T15:20:21+00:00","dateModified":"2025-03-11T16:46:34+00:00","description":"Aurora Coop. A ess\u00eancia da Aurora s\u00e3o as pessoas. Com gest\u00e3o participativa, atua na industrializa\u00e7\u00e3o e comercializa\u00e7\u00e3o de carnes su\u00ednas, aves, l\u00e1cteos, massas, vegetais e suplementos para nutri\u00e7\u00e3o animal em todo o Brasil. A Sustentabilidade e a qualidade fazem parte da ess\u00eancia da Aurora Alimentos.","breadcrumb":{"@id":"https:\/\/auroracoop.com.br\/en\/aurora-coop-system\/#breadcrumb"},"inLanguage":"pt-BR","potentialAction":[{"@type":"ReadAction","target":["https:\/\/auroracoop.com.br\/en\/aurora-coop-system\/"]}]},{"@type":"BreadcrumbList","@id":"https:\/\/auroracoop.com.br\/en\/aurora-coop-system\/#breadcrumb","itemListElement":[{"@type":"ListItem","position":1,"name":"In\u00edcio","item":"https:\/\/auroracoop.com.br\/en\/"},{"@type":"ListItem","position":2,"name":"Aurora Coop System"}]},{"@type":"WebSite","@id":"https:\/\/auroracoop.com.br\/en\/#website","url":"https:\/\/auroracoop.com.br\/en\/","name":"Aurora Coop","description":"Aurora&#039;s essence is people","publisher":{"@id":"https:\/\/auroracoop.com.br\/en\/#organization"},"potentialAction":[{"@type":"SearchAction","target":{"@type":"EntryPoint","urlTemplate":"https:\/\/auroracoop.com.br\/en\/?s={search_term_string}"},"query-input":{"@type":"PropertyValueSpecification","valueRequired":true,"valueName":"search_term_string"}}],"inLanguage":"pt-BR"},{"@type":"Organization","@id":"https:\/\/auroracoop.com.br\/en\/#organization","name":"Aurora Coop","url":"https:\/\/auroracoop.com.br\/en\/","logo":{"@type":"ImageObject","inLanguage":"pt-BR","@id":"https:\/\/auroracoop.com.br\/en\/#\/schema\/logo\/image\/","url":"https:\/\/auroracoop.com.br\/en\/wp-content\/uploads\/sites\/2\/2022\/04\/logo.svg","contentUrl":"https:\/\/auroracoop.com.br\/en\/wp-content\/uploads\/sites\/2\/2022\/04\/logo.svg","width":230,"height":54,"caption":"Aurora Coop"},"image":{"@id":"https:\/\/auroracoop.com.br\/en\/#\/schema\/logo\/image\/"}}]}},"_links":{"self":[{"href":"https:\/\/auroracoop.com.br\/en\/wp-json\/wp\/v2\/pages\/147","targetHints":{"allow":["GET"]}}],"collection":[{"href":"https:\/\/auroracoop.com.br\/en\/wp-json\/wp\/v2\/pages"}],"about":[{"href":"https:\/\/auroracoop.com.br\/en\/wp-json\/wp\/v2\/types\/page"}],"author":[{"embeddable":true,"href":"https:\/\/auroracoop.com.br\/en\/wp-json\/wp\/v2\/users\/1"}],"replies":[{"embeddable":true,"href":"https:\/\/auroracoop.com.br\/en\/wp-json\/wp\/v2\/comments?post=147"}],"version-history":[{"count":37,"href":"https:\/\/auroracoop.com.br\/en\/wp-json\/wp\/v2\/pages\/147\/revisions"}],"predecessor-version":[{"id":2302,"href":"https:\/\/auroracoop.com.br\/en\/wp-json\/wp\/v2\/pages\/147\/revisions\/2302"}],"wp:attachment":[{"href":"https:\/\/auroracoop.com.br\/en\/wp-json\/wp\/v2\/media?parent=147"}],"curies":[{"name":"wp","href":"https:\/\/api.w.org\/{rel}","templated":true}]}}