{"id":132,"date":"2022-01-12T10:47:21","date_gmt":"2022-01-12T13:47:21","guid":{"rendered":"http:\/\/localhost:8888\/website-aurora-coop\/?page_id=132"},"modified":"2025-03-11T13:47:56","modified_gmt":"2025-03-11T16:47:56","slug":"quienes-somos","status":"publish","type":"page","link":"https:\/\/auroracoop.com.br\/es\/quienes-somos\/","title":{"rendered":"Quienes Somos"},"content":{"rendered":"\n<p>Cooperar est\u00e1 en la vida cotidiana. Va mucho m\u00e1s all\u00e1 de un modelo de negocio, es una filosof\u00eda de vida. Es pensar en lo colectivo, dividir, compartir.<br><br>En Aurora Coop, nos enorgullece decir que estamos formados por m\u00e1s de 150.000 familias. Una suma que une a los empleados, empresarios rurales y cooperativas afiliadas, que durante m\u00e1s de cinco d\u00e9cadas se han dedicado a construir una de las m\u00e1s grandes cooperativas de alimentos de Brasil.<br><br>Nuestra gesti\u00f3n es participativa y actuamos en la industrializaci\u00f3n y comercializaci\u00f3n de carne de cerdo, pollos, l\u00e1cteos, pastas, hortalizas, pescados y suplementos para la nutrici\u00f3n animal. El cuidado con el que producimos la materia prima en el campo, la transparencia en nuestras relaciones y la excelencia empleada en cada etapa de producci\u00f3n de nuestros alimentos garantiza el reconocimiento de los consumidores de todo el mundo, y nos pone como una de las principales industrias de prote\u00edna animal en Brasil.<br><br>Conozca m\u00e1s sobre nuestro universo y nuestra esencia aqu\u00ed.<\/p>\n\n\n\n<figure class=\"wp-block-embed is-type-video is-provider-youtube wp-block-embed-youtube wp-embed-aspect-16-9 wp-has-aspect-ratio\"><div class=\"wp-block-embed__wrapper\">\n<iframe loading=\"lazy\" title=\"Filme Institucional Aurora Coop | Versi\u00f3n Espa\u00f1ol\" width=\"500\" height=\"281\" src=\"https:\/\/www.youtube.com\/embed\/ZsH7eu7IltQ?feature=oembed\" frameborder=\"0\" allow=\"accelerometer; autoplay; clipboard-write; encrypted-media; gyroscope; picture-in-picture; web-share\" referrerpolicy=\"strict-origin-when-cross-origin\" allowfullscreen><\/iframe>\n<\/div><\/figure>\n\n\n\n<h2 class=\"wp-block-heading title\" id=\"nossos-ideais\"><strong>Nuestros ideales<\/strong><\/h2>\n\n\n\n<h3 class=\"wp-block-heading subtitle\" id=\"proposito-missao-visao-e-valores\">Prop\u00f3sito, Misi\u00f3n, Visi\u00f3n y Valores<\/h3>\n\n\n\n<p>En Aurora Coop nos impulsa el <strong>prop\u00f3sito<\/strong> de \u201cCuidar de cada uno para despertar la prosperidad de todos\u201d. Y eso no es solo una frase, es lo que somos.<br><br>Estamos orgullosos de nuestra esencia cooperativa y trabajamos juntos para que este gran sistema del que formamos parte siga vivo, estimulando la cooperaci\u00f3n y evoluci\u00f3n de miles de familias del campo y de la ciudad.<br><br>Nuestra <strong>misi\u00f3n <\/strong>es \u201cBrindar excelente alimentaci\u00f3n, despertando la prosperidad en el campo y en la ciudad\u201d. Nuestra <strong>visi\u00f3n<\/strong> es \u201cSer reconocida como una cooperativa de referencia en alimentos en Brasil y en el mundo\u201d. Y nuestros<strong> valores <\/strong>son: \u00e9tica, calidad, confianza, cooperaci\u00f3n, sustentabilidad y sencillez.<\/p>\n","protected":false},"excerpt":{"rendered":"<p>Una de las cooperativas m\u00e1s grandes del pa\u00eds.<\/p>\n","protected":false},"author":1,"featured_media":0,"parent":0,"menu_order":0,"comment_status":"closed","ping_status":"closed","template":"page-quem-somos.php","meta":{"footnotes":""},"class_list":["post-132","page","type-page","status-publish","hentry"],"acf":[],"yoast_head":"<!-- This site is optimized with the Yoast SEO plugin v26.8 - https:\/\/yoast.com\/product\/yoast-seo-wordpress\/ -->\n<title>Quienes Somos | Aurora Coop<\/title>\n<meta name=\"description\" content=\"Aurora Coop, uma das maiores cooperativas do Pa\u00eds. A ess\u00eancia da Aurora s\u00e3o as pessoas. Com gest\u00e3o participativa, atua na industrializa\u00e7\u00e3o e comercializa\u00e7\u00e3o de carnes su\u00ednas, aves, l\u00e1cteos, massas, vegetais e suplementos para nutri\u00e7\u00e3o animal em todo o Brasil. A Sustentabilidade e a qualidade fazem parte da ess\u00eancia da Aurora Alimentos.\" \/>\n<meta name=\"robots\" content=\"index, follow, max-snippet:-1, max-image-preview:large, max-video-preview:-1\" \/>\n<link rel=\"canonical\" href=\"https:\/\/auroracoop.com.br\/es\/quienes-somos\/\" \/>\n<meta property=\"og:locale\" content=\"pt_BR\" \/>\n<meta property=\"og:type\" content=\"article\" \/>\n<meta property=\"og:title\" content=\"Quienes Somos | Aurora Coop\" \/>\n<meta property=\"og:description\" content=\"Aurora Coop, uma das maiores cooperativas do Pa\u00eds. A ess\u00eancia da Aurora s\u00e3o as pessoas. Com gest\u00e3o participativa, atua na industrializa\u00e7\u00e3o e comercializa\u00e7\u00e3o de carnes su\u00ednas, aves, l\u00e1cteos, massas, vegetais e suplementos para nutri\u00e7\u00e3o animal em todo o Brasil. A Sustentabilidade e a qualidade fazem parte da ess\u00eancia da Aurora Alimentos.\" \/>\n<meta property=\"og:url\" content=\"https:\/\/auroracoop.com.br\/es\/quienes-somos\/\" \/>\n<meta property=\"og:site_name\" content=\"Aurora Coop\" \/>\n<meta property=\"article:modified_time\" content=\"2025-03-11T16:47:56+00:00\" \/>\n<meta name=\"twitter:card\" content=\"summary_large_image\" \/>\n<meta name=\"twitter:label1\" content=\"Est. tempo de leitura\" \/>\n\t<meta name=\"twitter:data1\" content=\"2 minutos\" \/>\n<script type=\"application\/ld+json\" class=\"yoast-schema-graph\">{\"@context\":\"https:\/\/schema.org\",\"@graph\":[{\"@type\":\"WebPage\",\"@id\":\"https:\/\/auroracoop.com.br\/es\/quienes-somos\/\",\"url\":\"https:\/\/auroracoop.com.br\/es\/quienes-somos\/\",\"name\":\"Quienes Somos | Aurora Coop\",\"isPartOf\":{\"@id\":\"https:\/\/auroracoop.com.br\/es\/#website\"},\"datePublished\":\"2022-01-12T13:47:21+00:00\",\"dateModified\":\"2025-03-11T16:47:56+00:00\",\"description\":\"Aurora Coop, uma das maiores cooperativas do Pa\u00eds. A ess\u00eancia da Aurora s\u00e3o as pessoas. Com gest\u00e3o participativa, atua na industrializa\u00e7\u00e3o e comercializa\u00e7\u00e3o de carnes su\u00ednas, aves, l\u00e1cteos, massas, vegetais e suplementos para nutri\u00e7\u00e3o animal em todo o Brasil. A Sustentabilidade e a qualidade fazem parte da ess\u00eancia da Aurora Alimentos.\",\"breadcrumb\":{\"@id\":\"https:\/\/auroracoop.com.br\/es\/quienes-somos\/#breadcrumb\"},\"inLanguage\":\"pt-BR\",\"potentialAction\":[{\"@type\":\"ReadAction\",\"target\":[\"https:\/\/auroracoop.com.br\/es\/quienes-somos\/\"]}]},{\"@type\":\"BreadcrumbList\",\"@id\":\"https:\/\/auroracoop.com.br\/es\/quienes-somos\/#breadcrumb\",\"itemListElement\":[{\"@type\":\"ListItem\",\"position\":1,\"name\":\"In\u00edcio\",\"item\":\"https:\/\/auroracoop.com.br\/es\/\"},{\"@type\":\"ListItem\",\"position\":2,\"name\":\"Quienes Somos\"}]},{\"@type\":\"WebSite\",\"@id\":\"https:\/\/auroracoop.com.br\/es\/#website\",\"url\":\"https:\/\/auroracoop.com.br\/es\/\",\"name\":\"Aurora Coop\",\"description\":\"Nuestra esencia est\u00e1 en las personas\",\"publisher\":{\"@id\":\"https:\/\/auroracoop.com.br\/es\/#organization\"},\"potentialAction\":[{\"@type\":\"SearchAction\",\"target\":{\"@type\":\"EntryPoint\",\"urlTemplate\":\"https:\/\/auroracoop.com.br\/es\/?s={search_term_string}\"},\"query-input\":{\"@type\":\"PropertyValueSpecification\",\"valueRequired\":true,\"valueName\":\"search_term_string\"}}],\"inLanguage\":\"pt-BR\"},{\"@type\":\"Organization\",\"@id\":\"https:\/\/auroracoop.com.br\/es\/#organization\",\"name\":\"Aurora Coop\",\"url\":\"https:\/\/auroracoop.com.br\/es\/\",\"logo\":{\"@type\":\"ImageObject\",\"inLanguage\":\"pt-BR\",\"@id\":\"https:\/\/auroracoop.com.br\/es\/#\/schema\/logo\/image\/\",\"url\":\"https:\/\/auroracoop.com.br\/es\/wp-content\/uploads\/sites\/3\/2022\/04\/logo.svg\",\"contentUrl\":\"https:\/\/auroracoop.com.br\/es\/wp-content\/uploads\/sites\/3\/2022\/04\/logo.svg\",\"width\":230,\"height\":54,\"caption\":\"Aurora Coop\"},\"image\":{\"@id\":\"https:\/\/auroracoop.com.br\/es\/#\/schema\/logo\/image\/\"}}]}<\/script>\n<!-- \/ Yoast SEO plugin. -->","yoast_head_json":{"title":"Quienes Somos | Aurora Coop","description":"Aurora Coop, uma das maiores cooperativas do Pa\u00eds. A ess\u00eancia da Aurora s\u00e3o as pessoas. Com gest\u00e3o participativa, atua na industrializa\u00e7\u00e3o e comercializa\u00e7\u00e3o de carnes su\u00ednas, aves, l\u00e1cteos, massas, vegetais e suplementos para nutri\u00e7\u00e3o animal em todo o Brasil. A Sustentabilidade e a qualidade fazem parte da ess\u00eancia da Aurora Alimentos.","robots":{"index":"index","follow":"follow","max-snippet":"max-snippet:-1","max-image-preview":"max-image-preview:large","max-video-preview":"max-video-preview:-1"},"canonical":"https:\/\/auroracoop.com.br\/es\/quienes-somos\/","og_locale":"pt_BR","og_type":"article","og_title":"Quienes Somos | Aurora Coop","og_description":"Aurora Coop, uma das maiores cooperativas do Pa\u00eds. A ess\u00eancia da Aurora s\u00e3o as pessoas. Com gest\u00e3o participativa, atua na industrializa\u00e7\u00e3o e comercializa\u00e7\u00e3o de carnes su\u00ednas, aves, l\u00e1cteos, massas, vegetais e suplementos para nutri\u00e7\u00e3o animal em todo o Brasil. A Sustentabilidade e a qualidade fazem parte da ess\u00eancia da Aurora Alimentos.","og_url":"https:\/\/auroracoop.com.br\/es\/quienes-somos\/","og_site_name":"Aurora Coop","article_modified_time":"2025-03-11T16:47:56+00:00","twitter_card":"summary_large_image","twitter_misc":{"Est. tempo de leitura":"2 minutos"},"schema":{"@context":"https:\/\/schema.org","@graph":[{"@type":"WebPage","@id":"https:\/\/auroracoop.com.br\/es\/quienes-somos\/","url":"https:\/\/auroracoop.com.br\/es\/quienes-somos\/","name":"Quienes Somos | Aurora Coop","isPartOf":{"@id":"https:\/\/auroracoop.com.br\/es\/#website"},"datePublished":"2022-01-12T13:47:21+00:00","dateModified":"2025-03-11T16:47:56+00:00","description":"Aurora Coop, uma das maiores cooperativas do Pa\u00eds. A ess\u00eancia da Aurora s\u00e3o as pessoas. Com gest\u00e3o participativa, atua na industrializa\u00e7\u00e3o e comercializa\u00e7\u00e3o de carnes su\u00ednas, aves, l\u00e1cteos, massas, vegetais e suplementos para nutri\u00e7\u00e3o animal em todo o Brasil. A Sustentabilidade e a qualidade fazem parte da ess\u00eancia da Aurora Alimentos.","breadcrumb":{"@id":"https:\/\/auroracoop.com.br\/es\/quienes-somos\/#breadcrumb"},"inLanguage":"pt-BR","potentialAction":[{"@type":"ReadAction","target":["https:\/\/auroracoop.com.br\/es\/quienes-somos\/"]}]},{"@type":"BreadcrumbList","@id":"https:\/\/auroracoop.com.br\/es\/quienes-somos\/#breadcrumb","itemListElement":[{"@type":"ListItem","position":1,"name":"In\u00edcio","item":"https:\/\/auroracoop.com.br\/es\/"},{"@type":"ListItem","position":2,"name":"Quienes Somos"}]},{"@type":"WebSite","@id":"https:\/\/auroracoop.com.br\/es\/#website","url":"https:\/\/auroracoop.com.br\/es\/","name":"Aurora Coop","description":"Nuestra esencia est\u00e1 en las personas","publisher":{"@id":"https:\/\/auroracoop.com.br\/es\/#organization"},"potentialAction":[{"@type":"SearchAction","target":{"@type":"EntryPoint","urlTemplate":"https:\/\/auroracoop.com.br\/es\/?s={search_term_string}"},"query-input":{"@type":"PropertyValueSpecification","valueRequired":true,"valueName":"search_term_string"}}],"inLanguage":"pt-BR"},{"@type":"Organization","@id":"https:\/\/auroracoop.com.br\/es\/#organization","name":"Aurora Coop","url":"https:\/\/auroracoop.com.br\/es\/","logo":{"@type":"ImageObject","inLanguage":"pt-BR","@id":"https:\/\/auroracoop.com.br\/es\/#\/schema\/logo\/image\/","url":"https:\/\/auroracoop.com.br\/es\/wp-content\/uploads\/sites\/3\/2022\/04\/logo.svg","contentUrl":"https:\/\/auroracoop.com.br\/es\/wp-content\/uploads\/sites\/3\/2022\/04\/logo.svg","width":230,"height":54,"caption":"Aurora Coop"},"image":{"@id":"https:\/\/auroracoop.com.br\/es\/#\/schema\/logo\/image\/"}}]}},"_links":{"self":[{"href":"https:\/\/auroracoop.com.br\/es\/wp-json\/wp\/v2\/pages\/132","targetHints":{"allow":["GET"]}}],"collection":[{"href":"https:\/\/auroracoop.com.br\/es\/wp-json\/wp\/v2\/pages"}],"about":[{"href":"https:\/\/auroracoop.com.br\/es\/wp-json\/wp\/v2\/types\/page"}],"author":[{"embeddable":true,"href":"https:\/\/auroracoop.com.br\/es\/wp-json\/wp\/v2\/users\/1"}],"replies":[{"embeddable":true,"href":"https:\/\/auroracoop.com.br\/es\/wp-json\/wp\/v2\/comments?post=132"}],"version-history":[{"count":12,"href":"https:\/\/auroracoop.com.br\/es\/wp-json\/wp\/v2\/pages\/132\/revisions"}],"predecessor-version":[{"id":2220,"href":"https:\/\/auroracoop.com.br\/es\/wp-json\/wp\/v2\/pages\/132\/revisions\/2220"}],"wp:attachment":[{"href":"https:\/\/auroracoop.com.br\/es\/wp-json\/wp\/v2\/media?parent=132"}],"curies":[{"name":"wp","href":"https:\/\/api.w.org\/{rel}","templated":true}]}}