{"id":147,"date":"2022-01-12T12:20:21","date_gmt":"2022-01-12T15:20:21","guid":{"rendered":"http:\/\/localhost:8888\/website-aurora-coop\/?page_id=147"},"modified":"2025-03-11T13:49:27","modified_gmt":"2025-03-11T16:49:27","slug":"sistema-aurora-coop","status":"publish","type":"page","link":"https:\/\/auroracoop.com.br\/es\/sistema-aurora-coop\/","title":{"rendered":"Sistema Aurora Coop"},"content":{"rendered":"\n<p>Aurora Coop es una cooperativa central que une la fuerza de catorce cooperativas \u00fanicas presentes en los estados de Santa Catarina, Paran\u00e1 y Mato Grosso do Sul. A ellas est\u00e1n asociadas miles de familias de emprendedores rurales, que producen con cuidado y dedicaci\u00f3n la materia prima que da origen a los productos de nuestras marcas, en m\u00e1s de 1000 municipios brasile\u00f1os.<\/p>\n\n\n\n<div style=\"height:30px\" aria-hidden=\"true\" class=\"wp-block-spacer\"><\/div>\n","protected":false},"excerpt":{"rendered":"<p>Nuestra cadena productiva comienza con las actividades de catorce cooperativas \u00fanicas.<\/p>\n","protected":false},"author":1,"featured_media":0,"parent":0,"menu_order":0,"comment_status":"closed","ping_status":"closed","template":"page-sistema-aurora.php","meta":{"footnotes":""},"class_list":["post-147","page","type-page","status-publish","hentry"],"acf":[],"yoast_head":"<!-- This site is optimized with the Yoast SEO plugin v26.8 - https:\/\/yoast.com\/product\/yoast-seo-wordpress\/ -->\n<title>Sistema Aurora Coop | Aurora Coop<\/title>\n<meta name=\"description\" content=\"Aurora Coop. A ess\u00eancia da Aurora s\u00e3o as pessoas. Com gest\u00e3o participativa, atua na industrializa\u00e7\u00e3o e comercializa\u00e7\u00e3o de carnes su\u00ednas, aves, l\u00e1cteos, massas, vegetais e suplementos para nutri\u00e7\u00e3o animal em todo o Brasil. A Sustentabilidade e a qualidade fazem parte da ess\u00eancia da Aurora Alimentos.\" \/>\n<meta name=\"robots\" content=\"index, follow, max-snippet:-1, max-image-preview:large, max-video-preview:-1\" \/>\n<link rel=\"canonical\" href=\"https:\/\/auroracoop.com.br\/es\/sistema-aurora-coop\/\" \/>\n<meta property=\"og:locale\" content=\"pt_BR\" \/>\n<meta property=\"og:type\" content=\"article\" \/>\n<meta property=\"og:title\" content=\"Sistema Aurora Coop | Aurora Coop\" \/>\n<meta property=\"og:description\" content=\"Aurora Coop. A ess\u00eancia da Aurora s\u00e3o as pessoas. Com gest\u00e3o participativa, atua na industrializa\u00e7\u00e3o e comercializa\u00e7\u00e3o de carnes su\u00ednas, aves, l\u00e1cteos, massas, vegetais e suplementos para nutri\u00e7\u00e3o animal em todo o Brasil. A Sustentabilidade e a qualidade fazem parte da ess\u00eancia da Aurora Alimentos.\" \/>\n<meta property=\"og:url\" content=\"https:\/\/auroracoop.com.br\/es\/sistema-aurora-coop\/\" \/>\n<meta property=\"og:site_name\" content=\"Aurora Coop\" \/>\n<meta property=\"article:modified_time\" content=\"2025-03-11T16:49:27+00:00\" \/>\n<meta name=\"twitter:card\" content=\"summary_large_image\" \/>\n<meta name=\"twitter:label1\" content=\"Est. tempo de leitura\" \/>\n\t<meta name=\"twitter:data1\" content=\"7 minutos\" \/>\n<script type=\"application\/ld+json\" class=\"yoast-schema-graph\">{\"@context\":\"https:\/\/schema.org\",\"@graph\":[{\"@type\":\"WebPage\",\"@id\":\"https:\/\/auroracoop.com.br\/es\/sistema-aurora-coop\/\",\"url\":\"https:\/\/auroracoop.com.br\/es\/sistema-aurora-coop\/\",\"name\":\"Sistema Aurora Coop | Aurora Coop\",\"isPartOf\":{\"@id\":\"https:\/\/auroracoop.com.br\/es\/#website\"},\"datePublished\":\"2022-01-12T15:20:21+00:00\",\"dateModified\":\"2025-03-11T16:49:27+00:00\",\"description\":\"Aurora Coop. A ess\u00eancia da Aurora s\u00e3o as pessoas. Com gest\u00e3o participativa, atua na industrializa\u00e7\u00e3o e comercializa\u00e7\u00e3o de carnes su\u00ednas, aves, l\u00e1cteos, massas, vegetais e suplementos para nutri\u00e7\u00e3o animal em todo o Brasil. A Sustentabilidade e a qualidade fazem parte da ess\u00eancia da Aurora Alimentos.\",\"breadcrumb\":{\"@id\":\"https:\/\/auroracoop.com.br\/es\/sistema-aurora-coop\/#breadcrumb\"},\"inLanguage\":\"pt-BR\",\"potentialAction\":[{\"@type\":\"ReadAction\",\"target\":[\"https:\/\/auroracoop.com.br\/es\/sistema-aurora-coop\/\"]}]},{\"@type\":\"BreadcrumbList\",\"@id\":\"https:\/\/auroracoop.com.br\/es\/sistema-aurora-coop\/#breadcrumb\",\"itemListElement\":[{\"@type\":\"ListItem\",\"position\":1,\"name\":\"In\u00edcio\",\"item\":\"https:\/\/auroracoop.com.br\/es\/\"},{\"@type\":\"ListItem\",\"position\":2,\"name\":\"Sistema Aurora Coop\"}]},{\"@type\":\"WebSite\",\"@id\":\"https:\/\/auroracoop.com.br\/es\/#website\",\"url\":\"https:\/\/auroracoop.com.br\/es\/\",\"name\":\"Aurora Coop\",\"description\":\"Nuestra esencia est\u00e1 en las personas\",\"publisher\":{\"@id\":\"https:\/\/auroracoop.com.br\/es\/#organization\"},\"potentialAction\":[{\"@type\":\"SearchAction\",\"target\":{\"@type\":\"EntryPoint\",\"urlTemplate\":\"https:\/\/auroracoop.com.br\/es\/?s={search_term_string}\"},\"query-input\":{\"@type\":\"PropertyValueSpecification\",\"valueRequired\":true,\"valueName\":\"search_term_string\"}}],\"inLanguage\":\"pt-BR\"},{\"@type\":\"Organization\",\"@id\":\"https:\/\/auroracoop.com.br\/es\/#organization\",\"name\":\"Aurora Coop\",\"url\":\"https:\/\/auroracoop.com.br\/es\/\",\"logo\":{\"@type\":\"ImageObject\",\"inLanguage\":\"pt-BR\",\"@id\":\"https:\/\/auroracoop.com.br\/es\/#\/schema\/logo\/image\/\",\"url\":\"https:\/\/auroracoop.com.br\/es\/wp-content\/uploads\/sites\/3\/2022\/04\/logo.svg\",\"contentUrl\":\"https:\/\/auroracoop.com.br\/es\/wp-content\/uploads\/sites\/3\/2022\/04\/logo.svg\",\"width\":230,\"height\":54,\"caption\":\"Aurora Coop\"},\"image\":{\"@id\":\"https:\/\/auroracoop.com.br\/es\/#\/schema\/logo\/image\/\"}}]}<\/script>\n<!-- \/ Yoast SEO plugin. -->","yoast_head_json":{"title":"Sistema Aurora Coop | Aurora Coop","description":"Aurora Coop. A ess\u00eancia da Aurora s\u00e3o as pessoas. Com gest\u00e3o participativa, atua na industrializa\u00e7\u00e3o e comercializa\u00e7\u00e3o de carnes su\u00ednas, aves, l\u00e1cteos, massas, vegetais e suplementos para nutri\u00e7\u00e3o animal em todo o Brasil. A Sustentabilidade e a qualidade fazem parte da ess\u00eancia da Aurora Alimentos.","robots":{"index":"index","follow":"follow","max-snippet":"max-snippet:-1","max-image-preview":"max-image-preview:large","max-video-preview":"max-video-preview:-1"},"canonical":"https:\/\/auroracoop.com.br\/es\/sistema-aurora-coop\/","og_locale":"pt_BR","og_type":"article","og_title":"Sistema Aurora Coop | Aurora Coop","og_description":"Aurora Coop. A ess\u00eancia da Aurora s\u00e3o as pessoas. Com gest\u00e3o participativa, atua na industrializa\u00e7\u00e3o e comercializa\u00e7\u00e3o de carnes su\u00ednas, aves, l\u00e1cteos, massas, vegetais e suplementos para nutri\u00e7\u00e3o animal em todo o Brasil. A Sustentabilidade e a qualidade fazem parte da ess\u00eancia da Aurora Alimentos.","og_url":"https:\/\/auroracoop.com.br\/es\/sistema-aurora-coop\/","og_site_name":"Aurora Coop","article_modified_time":"2025-03-11T16:49:27+00:00","twitter_card":"summary_large_image","twitter_misc":{"Est. tempo de leitura":"7 minutos"},"schema":{"@context":"https:\/\/schema.org","@graph":[{"@type":"WebPage","@id":"https:\/\/auroracoop.com.br\/es\/sistema-aurora-coop\/","url":"https:\/\/auroracoop.com.br\/es\/sistema-aurora-coop\/","name":"Sistema Aurora Coop | Aurora Coop","isPartOf":{"@id":"https:\/\/auroracoop.com.br\/es\/#website"},"datePublished":"2022-01-12T15:20:21+00:00","dateModified":"2025-03-11T16:49:27+00:00","description":"Aurora Coop. A ess\u00eancia da Aurora s\u00e3o as pessoas. Com gest\u00e3o participativa, atua na industrializa\u00e7\u00e3o e comercializa\u00e7\u00e3o de carnes su\u00ednas, aves, l\u00e1cteos, massas, vegetais e suplementos para nutri\u00e7\u00e3o animal em todo o Brasil. A Sustentabilidade e a qualidade fazem parte da ess\u00eancia da Aurora Alimentos.","breadcrumb":{"@id":"https:\/\/auroracoop.com.br\/es\/sistema-aurora-coop\/#breadcrumb"},"inLanguage":"pt-BR","potentialAction":[{"@type":"ReadAction","target":["https:\/\/auroracoop.com.br\/es\/sistema-aurora-coop\/"]}]},{"@type":"BreadcrumbList","@id":"https:\/\/auroracoop.com.br\/es\/sistema-aurora-coop\/#breadcrumb","itemListElement":[{"@type":"ListItem","position":1,"name":"In\u00edcio","item":"https:\/\/auroracoop.com.br\/es\/"},{"@type":"ListItem","position":2,"name":"Sistema Aurora Coop"}]},{"@type":"WebSite","@id":"https:\/\/auroracoop.com.br\/es\/#website","url":"https:\/\/auroracoop.com.br\/es\/","name":"Aurora Coop","description":"Nuestra esencia est\u00e1 en las personas","publisher":{"@id":"https:\/\/auroracoop.com.br\/es\/#organization"},"potentialAction":[{"@type":"SearchAction","target":{"@type":"EntryPoint","urlTemplate":"https:\/\/auroracoop.com.br\/es\/?s={search_term_string}"},"query-input":{"@type":"PropertyValueSpecification","valueRequired":true,"valueName":"search_term_string"}}],"inLanguage":"pt-BR"},{"@type":"Organization","@id":"https:\/\/auroracoop.com.br\/es\/#organization","name":"Aurora Coop","url":"https:\/\/auroracoop.com.br\/es\/","logo":{"@type":"ImageObject","inLanguage":"pt-BR","@id":"https:\/\/auroracoop.com.br\/es\/#\/schema\/logo\/image\/","url":"https:\/\/auroracoop.com.br\/es\/wp-content\/uploads\/sites\/3\/2022\/04\/logo.svg","contentUrl":"https:\/\/auroracoop.com.br\/es\/wp-content\/uploads\/sites\/3\/2022\/04\/logo.svg","width":230,"height":54,"caption":"Aurora Coop"},"image":{"@id":"https:\/\/auroracoop.com.br\/es\/#\/schema\/logo\/image\/"}}]}},"_links":{"self":[{"href":"https:\/\/auroracoop.com.br\/es\/wp-json\/wp\/v2\/pages\/147","targetHints":{"allow":["GET"]}}],"collection":[{"href":"https:\/\/auroracoop.com.br\/es\/wp-json\/wp\/v2\/pages"}],"about":[{"href":"https:\/\/auroracoop.com.br\/es\/wp-json\/wp\/v2\/types\/page"}],"author":[{"embeddable":true,"href":"https:\/\/auroracoop.com.br\/es\/wp-json\/wp\/v2\/users\/1"}],"replies":[{"embeddable":true,"href":"https:\/\/auroracoop.com.br\/es\/wp-json\/wp\/v2\/comments?post=147"}],"version-history":[{"count":21,"href":"https:\/\/auroracoop.com.br\/es\/wp-json\/wp\/v2\/pages\/147\/revisions"}],"predecessor-version":[{"id":2222,"href":"https:\/\/auroracoop.com.br\/es\/wp-json\/wp\/v2\/pages\/147\/revisions\/2222"}],"wp:attachment":[{"href":"https:\/\/auroracoop.com.br\/es\/wp-json\/wp\/v2\/media?parent=147"}],"curies":[{"name":"wp","href":"https:\/\/api.w.org\/{rel}","templated":true}]}}