{"id":280,"date":"2022-01-13T14:26:34","date_gmt":"2022-01-13T17:26:34","guid":{"rendered":"http:\/\/localhost:8888\/website-aurora-coop\/?page_id=280"},"modified":"2026-03-26T15:26:55","modified_gmt":"2026-03-26T18:26:55","slug":"donde-estamos","status":"publish","type":"page","link":"https:\/\/auroracoop.com.br\/es\/donde-estamos\/","title":{"rendered":"Donde Estamos"},"content":{"rendered":"\n<div class=\"wp-block-columns is-layout-flex wp-container-core-columns-is-layout-9d6595d7 wp-block-columns-is-layout-flex\">\n<div class=\"wp-block-column is-layout-flow wp-block-column-is-layout-flow\">\n<figure class=\"wp-block-image size-large\"><img decoding=\"async\" src=\"https:\/\/auroracoop.com.br\/wp-content\/uploads\/2022\/01\/img-local.svg\" alt=\"Onde Estamos\" class=\"wp-image-283\" \/><\/figure>\n<\/div>\n\n\n\n<div class=\"wp-block-column is-layout-flow wp-block-column-is-layout-flow\">\n<p>Actuamos en unidades de activos biol\u00f3gicos, agr\u00edcolas, industriales y comerciales ubicadas en ciudades estrat\u00e9gicas, asegurando eficiencia en la fabricaci\u00f3n y log\u00edstica de alto desempe\u00f1o para que los productos lleguen a la mesa de los consumidores en Brasil y en todo el mundo.<\/p>\n<\/div>\n<\/div>\n","protected":false},"excerpt":{"rendered":"<p>Del norte al sur de Brasil<\/p>\n","protected":false},"author":1,"featured_media":0,"parent":0,"menu_order":0,"comment_status":"closed","ping_status":"closed","template":"page-onde-estamos.php","meta":{"footnotes":""},"class_list":["post-280","page","type-page","status-publish","hentry"],"acf":[],"yoast_head":"<!-- This site is optimized with the Yoast SEO plugin v26.8 - https:\/\/yoast.com\/product\/yoast-seo-wordpress\/ -->\n<title>Donde Estamos | Aurora Coop<\/title>\n<meta name=\"robots\" content=\"index, follow, max-snippet:-1, max-image-preview:large, max-video-preview:-1\" \/>\n<link rel=\"canonical\" href=\"https:\/\/auroracoop.com.br\/es\/donde-estamos\/\" \/>\n<meta property=\"og:locale\" content=\"pt_BR\" \/>\n<meta property=\"og:type\" content=\"article\" \/>\n<meta property=\"og:title\" content=\"Donde Estamos | Aurora Coop\" \/>\n<meta property=\"og:description\" content=\"Del norte al sur de Brasil\" \/>\n<meta property=\"og:url\" content=\"https:\/\/auroracoop.com.br\/es\/donde-estamos\/\" \/>\n<meta property=\"og:site_name\" content=\"Aurora Coop\" \/>\n<meta property=\"article:modified_time\" content=\"2026-03-26T18:26:55+00:00\" \/>\n<meta name=\"twitter:card\" content=\"summary_large_image\" \/>\n<meta name=\"twitter:label1\" content=\"Est. tempo de leitura\" \/>\n\t<meta name=\"twitter:data1\" content=\"1 minuto\" \/>\n<script type=\"application\/ld+json\" class=\"yoast-schema-graph\">{\"@context\":\"https:\/\/schema.org\",\"@graph\":[{\"@type\":\"WebPage\",\"@id\":\"https:\/\/auroracoop.com.br\/es\/donde-estamos\/\",\"url\":\"https:\/\/auroracoop.com.br\/es\/donde-estamos\/\",\"name\":\"Donde Estamos | Aurora Coop\",\"isPartOf\":{\"@id\":\"https:\/\/auroracoop.com.br\/es\/#website\"},\"primaryImageOfPage\":{\"@id\":\"https:\/\/auroracoop.com.br\/es\/donde-estamos\/#primaryimage\"},\"image\":{\"@id\":\"https:\/\/auroracoop.com.br\/es\/donde-estamos\/#primaryimage\"},\"thumbnailUrl\":\"https:\/\/auroracoop.com.br\/wp-content\/uploads\/2022\/01\/img-local.svg\",\"datePublished\":\"2022-01-13T17:26:34+00:00\",\"dateModified\":\"2026-03-26T18:26:55+00:00\",\"breadcrumb\":{\"@id\":\"https:\/\/auroracoop.com.br\/es\/donde-estamos\/#breadcrumb\"},\"inLanguage\":\"pt-BR\",\"potentialAction\":[{\"@type\":\"ReadAction\",\"target\":[\"https:\/\/auroracoop.com.br\/es\/donde-estamos\/\"]}]},{\"@type\":\"ImageObject\",\"inLanguage\":\"pt-BR\",\"@id\":\"https:\/\/auroracoop.com.br\/es\/donde-estamos\/#primaryimage\",\"url\":\"https:\/\/auroracoop.com.br\/wp-content\/uploads\/2022\/01\/img-local.svg\",\"contentUrl\":\"https:\/\/auroracoop.com.br\/wp-content\/uploads\/2022\/01\/img-local.svg\"},{\"@type\":\"BreadcrumbList\",\"@id\":\"https:\/\/auroracoop.com.br\/es\/donde-estamos\/#breadcrumb\",\"itemListElement\":[{\"@type\":\"ListItem\",\"position\":1,\"name\":\"In\u00edcio\",\"item\":\"https:\/\/auroracoop.com.br\/es\/\"},{\"@type\":\"ListItem\",\"position\":2,\"name\":\"Donde Estamos\"}]},{\"@type\":\"WebSite\",\"@id\":\"https:\/\/auroracoop.com.br\/es\/#website\",\"url\":\"https:\/\/auroracoop.com.br\/es\/\",\"name\":\"Aurora Coop\",\"description\":\"Nuestra esencia est\u00e1 en las personas\",\"publisher\":{\"@id\":\"https:\/\/auroracoop.com.br\/es\/#organization\"},\"potentialAction\":[{\"@type\":\"SearchAction\",\"target\":{\"@type\":\"EntryPoint\",\"urlTemplate\":\"https:\/\/auroracoop.com.br\/es\/?s={search_term_string}\"},\"query-input\":{\"@type\":\"PropertyValueSpecification\",\"valueRequired\":true,\"valueName\":\"search_term_string\"}}],\"inLanguage\":\"pt-BR\"},{\"@type\":\"Organization\",\"@id\":\"https:\/\/auroracoop.com.br\/es\/#organization\",\"name\":\"Aurora Coop\",\"url\":\"https:\/\/auroracoop.com.br\/es\/\",\"logo\":{\"@type\":\"ImageObject\",\"inLanguage\":\"pt-BR\",\"@id\":\"https:\/\/auroracoop.com.br\/es\/#\/schema\/logo\/image\/\",\"url\":\"https:\/\/auroracoop.com.br\/es\/wp-content\/uploads\/sites\/3\/2022\/04\/logo.svg\",\"contentUrl\":\"https:\/\/auroracoop.com.br\/es\/wp-content\/uploads\/sites\/3\/2022\/04\/logo.svg\",\"width\":230,\"height\":54,\"caption\":\"Aurora Coop\"},\"image\":{\"@id\":\"https:\/\/auroracoop.com.br\/es\/#\/schema\/logo\/image\/\"}}]}<\/script>\n<!-- \/ Yoast SEO plugin. -->","yoast_head_json":{"title":"Donde Estamos | Aurora Coop","robots":{"index":"index","follow":"follow","max-snippet":"max-snippet:-1","max-image-preview":"max-image-preview:large","max-video-preview":"max-video-preview:-1"},"canonical":"https:\/\/auroracoop.com.br\/es\/donde-estamos\/","og_locale":"pt_BR","og_type":"article","og_title":"Donde Estamos | Aurora Coop","og_description":"Del norte al sur de Brasil","og_url":"https:\/\/auroracoop.com.br\/es\/donde-estamos\/","og_site_name":"Aurora Coop","article_modified_time":"2026-03-26T18:26:55+00:00","twitter_card":"summary_large_image","twitter_misc":{"Est. tempo de leitura":"1 minuto"},"schema":{"@context":"https:\/\/schema.org","@graph":[{"@type":"WebPage","@id":"https:\/\/auroracoop.com.br\/es\/donde-estamos\/","url":"https:\/\/auroracoop.com.br\/es\/donde-estamos\/","name":"Donde Estamos | Aurora Coop","isPartOf":{"@id":"https:\/\/auroracoop.com.br\/es\/#website"},"primaryImageOfPage":{"@id":"https:\/\/auroracoop.com.br\/es\/donde-estamos\/#primaryimage"},"image":{"@id":"https:\/\/auroracoop.com.br\/es\/donde-estamos\/#primaryimage"},"thumbnailUrl":"https:\/\/auroracoop.com.br\/wp-content\/uploads\/2022\/01\/img-local.svg","datePublished":"2022-01-13T17:26:34+00:00","dateModified":"2026-03-26T18:26:55+00:00","breadcrumb":{"@id":"https:\/\/auroracoop.com.br\/es\/donde-estamos\/#breadcrumb"},"inLanguage":"pt-BR","potentialAction":[{"@type":"ReadAction","target":["https:\/\/auroracoop.com.br\/es\/donde-estamos\/"]}]},{"@type":"ImageObject","inLanguage":"pt-BR","@id":"https:\/\/auroracoop.com.br\/es\/donde-estamos\/#primaryimage","url":"https:\/\/auroracoop.com.br\/wp-content\/uploads\/2022\/01\/img-local.svg","contentUrl":"https:\/\/auroracoop.com.br\/wp-content\/uploads\/2022\/01\/img-local.svg"},{"@type":"BreadcrumbList","@id":"https:\/\/auroracoop.com.br\/es\/donde-estamos\/#breadcrumb","itemListElement":[{"@type":"ListItem","position":1,"name":"In\u00edcio","item":"https:\/\/auroracoop.com.br\/es\/"},{"@type":"ListItem","position":2,"name":"Donde Estamos"}]},{"@type":"WebSite","@id":"https:\/\/auroracoop.com.br\/es\/#website","url":"https:\/\/auroracoop.com.br\/es\/","name":"Aurora Coop","description":"Nuestra esencia est\u00e1 en las personas","publisher":{"@id":"https:\/\/auroracoop.com.br\/es\/#organization"},"potentialAction":[{"@type":"SearchAction","target":{"@type":"EntryPoint","urlTemplate":"https:\/\/auroracoop.com.br\/es\/?s={search_term_string}"},"query-input":{"@type":"PropertyValueSpecification","valueRequired":true,"valueName":"search_term_string"}}],"inLanguage":"pt-BR"},{"@type":"Organization","@id":"https:\/\/auroracoop.com.br\/es\/#organization","name":"Aurora Coop","url":"https:\/\/auroracoop.com.br\/es\/","logo":{"@type":"ImageObject","inLanguage":"pt-BR","@id":"https:\/\/auroracoop.com.br\/es\/#\/schema\/logo\/image\/","url":"https:\/\/auroracoop.com.br\/es\/wp-content\/uploads\/sites\/3\/2022\/04\/logo.svg","contentUrl":"https:\/\/auroracoop.com.br\/es\/wp-content\/uploads\/sites\/3\/2022\/04\/logo.svg","width":230,"height":54,"caption":"Aurora Coop"},"image":{"@id":"https:\/\/auroracoop.com.br\/es\/#\/schema\/logo\/image\/"}}]}},"_links":{"self":[{"href":"https:\/\/auroracoop.com.br\/es\/wp-json\/wp\/v2\/pages\/280","targetHints":{"allow":["GET"]}}],"collection":[{"href":"https:\/\/auroracoop.com.br\/es\/wp-json\/wp\/v2\/pages"}],"about":[{"href":"https:\/\/auroracoop.com.br\/es\/wp-json\/wp\/v2\/types\/page"}],"author":[{"embeddable":true,"href":"https:\/\/auroracoop.com.br\/es\/wp-json\/wp\/v2\/users\/1"}],"replies":[{"embeddable":true,"href":"https:\/\/auroracoop.com.br\/es\/wp-json\/wp\/v2\/comments?post=280"}],"version-history":[{"count":14,"href":"https:\/\/auroracoop.com.br\/es\/wp-json\/wp\/v2\/pages\/280\/revisions"}],"predecessor-version":[{"id":2281,"href":"https:\/\/auroracoop.com.br\/es\/wp-json\/wp\/v2\/pages\/280\/revisions\/2281"}],"wp:attachment":[{"href":"https:\/\/auroracoop.com.br\/es\/wp-json\/wp\/v2\/media?parent=280"}],"curies":[{"name":"wp","href":"https:\/\/api.w.org\/{rel}","templated":true}]}}