{"id":339,"date":"2022-01-13T18:07:17","date_gmt":"2022-01-13T21:07:17","guid":{"rendered":"http:\/\/localhost:8888\/website-aurora-coop\/?page_id=339"},"modified":"2024-05-17T11:56:19","modified_gmt":"2024-05-17T14:56:19","slug":"nuestras-marcas","status":"publish","type":"page","link":"https:\/\/auroracoop.com.br\/es\/nuestras-marcas\/","title":{"rendered":"Nuestras Marcas"},"content":{"rendered":"\n<p>La marca Aurora opera a nivel global, adem\u00e1s de estar presente en el mercado nacional y exportarse a m\u00e1s de 80 pa\u00edses. Aurora Premium cuenta con productos enfocados a experiencias diferenciadas de parrilladas y comidas especiales, satisfaciendo a los consumidores m\u00e1s exigentes. Aurora Bem Leve tiene productos para consumidores que buscan opciones para una dieta sana, equilibrada, sabrosa y pr\u00e1ctica. <\/p>\n\n\n\n<p>Las marcas Nobre, Peperi y Alegra se comercializan en el mercado nacional con un papel importante en las regiones y categor\u00edas en las que operan.<\/p>\n\n\n\n<p>Juntas, nuestras seis marcas presentan una amplia variedad de productos. Hay m\u00e1s de 850 art\u00edculos disponibles para los consumidores. Son delicias elaboradas con el mimo y dedicaci\u00f3n de m\u00e1s de 100 mil familias cooperativas.<\/p>\n\n\n\n<p>Descubre la calidad y el sabor de los productos de la marca Aurora Coop.<\/p>\n","protected":false},"excerpt":{"rendered":"<p>Aurora, Aurora Premium, Aurora Bem Leve, Nobre, Peperi y Alegra conforman el<br \/> portafolio de marcas de Aurora Coop<\/p>\n","protected":false},"author":1,"featured_media":0,"parent":0,"menu_order":0,"comment_status":"closed","ping_status":"closed","template":"page-marcas.php","meta":{"footnotes":""},"class_list":["post-339","page","type-page","status-publish","hentry"],"acf":[],"yoast_head":"<!-- This site is optimized with the Yoast SEO plugin v26.8 - https:\/\/yoast.com\/product\/yoast-seo-wordpress\/ -->\n<title>Nuestras Marcas | Aurora Coop<\/title>\n<meta name=\"robots\" content=\"index, follow, max-snippet:-1, max-image-preview:large, max-video-preview:-1\" \/>\n<link rel=\"canonical\" href=\"https:\/\/auroracoop.com.br\/es\/nuestras-marcas\/\" \/>\n<meta property=\"og:locale\" content=\"pt_BR\" \/>\n<meta property=\"og:type\" content=\"article\" \/>\n<meta property=\"og:title\" content=\"Nuestras Marcas | Aurora Coop\" \/>\n<meta property=\"og:description\" content=\"Aurora, Aurora Premium, Aurora Bem Leve, Nobre, Peperi y Alegra conforman el portafolio de marcas de Aurora Coop\" \/>\n<meta property=\"og:url\" content=\"https:\/\/auroracoop.com.br\/es\/nuestras-marcas\/\" \/>\n<meta property=\"og:site_name\" content=\"Aurora Coop\" \/>\n<meta property=\"article:modified_time\" content=\"2024-05-17T14:56:19+00:00\" \/>\n<meta name=\"twitter:card\" content=\"summary_large_image\" \/>\n<meta name=\"twitter:label1\" content=\"Est. tempo de leitura\" \/>\n\t<meta name=\"twitter:data1\" content=\"1 minuto\" \/>\n<script type=\"application\/ld+json\" class=\"yoast-schema-graph\">{\"@context\":\"https:\/\/schema.org\",\"@graph\":[{\"@type\":\"WebPage\",\"@id\":\"https:\/\/auroracoop.com.br\/es\/nuestras-marcas\/\",\"url\":\"https:\/\/auroracoop.com.br\/es\/nuestras-marcas\/\",\"name\":\"Nuestras Marcas | Aurora Coop\",\"isPartOf\":{\"@id\":\"https:\/\/auroracoop.com.br\/es\/#website\"},\"datePublished\":\"2022-01-13T21:07:17+00:00\",\"dateModified\":\"2024-05-17T14:56:19+00:00\",\"breadcrumb\":{\"@id\":\"https:\/\/auroracoop.com.br\/es\/nuestras-marcas\/#breadcrumb\"},\"inLanguage\":\"pt-BR\",\"potentialAction\":[{\"@type\":\"ReadAction\",\"target\":[\"https:\/\/auroracoop.com.br\/es\/nuestras-marcas\/\"]}]},{\"@type\":\"BreadcrumbList\",\"@id\":\"https:\/\/auroracoop.com.br\/es\/nuestras-marcas\/#breadcrumb\",\"itemListElement\":[{\"@type\":\"ListItem\",\"position\":1,\"name\":\"In\u00edcio\",\"item\":\"https:\/\/auroracoop.com.br\/es\/\"},{\"@type\":\"ListItem\",\"position\":2,\"name\":\"Nuestras Marcas\"}]},{\"@type\":\"WebSite\",\"@id\":\"https:\/\/auroracoop.com.br\/es\/#website\",\"url\":\"https:\/\/auroracoop.com.br\/es\/\",\"name\":\"Aurora Coop\",\"description\":\"Nuestra esencia est\u00e1 en las personas\",\"publisher\":{\"@id\":\"https:\/\/auroracoop.com.br\/es\/#organization\"},\"potentialAction\":[{\"@type\":\"SearchAction\",\"target\":{\"@type\":\"EntryPoint\",\"urlTemplate\":\"https:\/\/auroracoop.com.br\/es\/?s={search_term_string}\"},\"query-input\":{\"@type\":\"PropertyValueSpecification\",\"valueRequired\":true,\"valueName\":\"search_term_string\"}}],\"inLanguage\":\"pt-BR\"},{\"@type\":\"Organization\",\"@id\":\"https:\/\/auroracoop.com.br\/es\/#organization\",\"name\":\"Aurora Coop\",\"url\":\"https:\/\/auroracoop.com.br\/es\/\",\"logo\":{\"@type\":\"ImageObject\",\"inLanguage\":\"pt-BR\",\"@id\":\"https:\/\/auroracoop.com.br\/es\/#\/schema\/logo\/image\/\",\"url\":\"https:\/\/auroracoop.com.br\/es\/wp-content\/uploads\/sites\/3\/2022\/04\/logo.svg\",\"contentUrl\":\"https:\/\/auroracoop.com.br\/es\/wp-content\/uploads\/sites\/3\/2022\/04\/logo.svg\",\"width\":230,\"height\":54,\"caption\":\"Aurora Coop\"},\"image\":{\"@id\":\"https:\/\/auroracoop.com.br\/es\/#\/schema\/logo\/image\/\"}}]}<\/script>\n<!-- \/ Yoast SEO plugin. -->","yoast_head_json":{"title":"Nuestras Marcas | Aurora Coop","robots":{"index":"index","follow":"follow","max-snippet":"max-snippet:-1","max-image-preview":"max-image-preview:large","max-video-preview":"max-video-preview:-1"},"canonical":"https:\/\/auroracoop.com.br\/es\/nuestras-marcas\/","og_locale":"pt_BR","og_type":"article","og_title":"Nuestras Marcas | Aurora Coop","og_description":"Aurora, Aurora Premium, Aurora Bem Leve, Nobre, Peperi y Alegra conforman el portafolio de marcas de Aurora Coop","og_url":"https:\/\/auroracoop.com.br\/es\/nuestras-marcas\/","og_site_name":"Aurora Coop","article_modified_time":"2024-05-17T14:56:19+00:00","twitter_card":"summary_large_image","twitter_misc":{"Est. tempo de leitura":"1 minuto"},"schema":{"@context":"https:\/\/schema.org","@graph":[{"@type":"WebPage","@id":"https:\/\/auroracoop.com.br\/es\/nuestras-marcas\/","url":"https:\/\/auroracoop.com.br\/es\/nuestras-marcas\/","name":"Nuestras Marcas | Aurora Coop","isPartOf":{"@id":"https:\/\/auroracoop.com.br\/es\/#website"},"datePublished":"2022-01-13T21:07:17+00:00","dateModified":"2024-05-17T14:56:19+00:00","breadcrumb":{"@id":"https:\/\/auroracoop.com.br\/es\/nuestras-marcas\/#breadcrumb"},"inLanguage":"pt-BR","potentialAction":[{"@type":"ReadAction","target":["https:\/\/auroracoop.com.br\/es\/nuestras-marcas\/"]}]},{"@type":"BreadcrumbList","@id":"https:\/\/auroracoop.com.br\/es\/nuestras-marcas\/#breadcrumb","itemListElement":[{"@type":"ListItem","position":1,"name":"In\u00edcio","item":"https:\/\/auroracoop.com.br\/es\/"},{"@type":"ListItem","position":2,"name":"Nuestras Marcas"}]},{"@type":"WebSite","@id":"https:\/\/auroracoop.com.br\/es\/#website","url":"https:\/\/auroracoop.com.br\/es\/","name":"Aurora Coop","description":"Nuestra esencia est\u00e1 en las personas","publisher":{"@id":"https:\/\/auroracoop.com.br\/es\/#organization"},"potentialAction":[{"@type":"SearchAction","target":{"@type":"EntryPoint","urlTemplate":"https:\/\/auroracoop.com.br\/es\/?s={search_term_string}"},"query-input":{"@type":"PropertyValueSpecification","valueRequired":true,"valueName":"search_term_string"}}],"inLanguage":"pt-BR"},{"@type":"Organization","@id":"https:\/\/auroracoop.com.br\/es\/#organization","name":"Aurora Coop","url":"https:\/\/auroracoop.com.br\/es\/","logo":{"@type":"ImageObject","inLanguage":"pt-BR","@id":"https:\/\/auroracoop.com.br\/es\/#\/schema\/logo\/image\/","url":"https:\/\/auroracoop.com.br\/es\/wp-content\/uploads\/sites\/3\/2022\/04\/logo.svg","contentUrl":"https:\/\/auroracoop.com.br\/es\/wp-content\/uploads\/sites\/3\/2022\/04\/logo.svg","width":230,"height":54,"caption":"Aurora Coop"},"image":{"@id":"https:\/\/auroracoop.com.br\/es\/#\/schema\/logo\/image\/"}}]}},"_links":{"self":[{"href":"https:\/\/auroracoop.com.br\/es\/wp-json\/wp\/v2\/pages\/339","targetHints":{"allow":["GET"]}}],"collection":[{"href":"https:\/\/auroracoop.com.br\/es\/wp-json\/wp\/v2\/pages"}],"about":[{"href":"https:\/\/auroracoop.com.br\/es\/wp-json\/wp\/v2\/types\/page"}],"author":[{"embeddable":true,"href":"https:\/\/auroracoop.com.br\/es\/wp-json\/wp\/v2\/users\/1"}],"replies":[{"embeddable":true,"href":"https:\/\/auroracoop.com.br\/es\/wp-json\/wp\/v2\/comments?post=339"}],"version-history":[{"count":13,"href":"https:\/\/auroracoop.com.br\/es\/wp-json\/wp\/v2\/pages\/339\/revisions"}],"predecessor-version":[{"id":2172,"href":"https:\/\/auroracoop.com.br\/es\/wp-json\/wp\/v2\/pages\/339\/revisions\/2172"}],"wp:attachment":[{"href":"https:\/\/auroracoop.com.br\/es\/wp-json\/wp\/v2\/media?parent=339"}],"curies":[{"name":"wp","href":"https:\/\/api.w.org\/{rel}","templated":true}]}}