{"id":348,"date":"2022-01-13T19:06:57","date_gmt":"2022-01-13T22:06:57","guid":{"rendered":"http:\/\/localhost:8888\/website-aurora-coop\/?page_id=348"},"modified":"2026-04-07T17:41:52","modified_gmt":"2026-04-07T20:41:52","slug":"exportacion","status":"publish","type":"page","link":"https:\/\/auroracoop.com.br\/es\/exportacion\/","title":{"rendered":"Exportaci\u00f3n"},"content":{"rendered":"\n<h2 class=\"wp-block-heading\"><strong><strong>Juntos llegamos lejos<\/strong><\/strong><\/h2>\n\n\n\n<p id=\"block-3e27a4a9-bf95-401c-b0c3-d8c10fae83d2\">Aurora Coop exporta a una media de 80 pa\u00edses de todos los continentes. Es el resultado de un trabajo serio, iniciado en 1993, cuando exportamos por primera vez..<br><br>Cumplir con los est\u00e1ndares y requisitos alimentarios mundiales, adem\u00e1s de ser un referente en alimentos de calidad en Brasil, se consolida cada vez m\u00e1s como una empresa respetada y reconocida internacionalmente.<br><br>Actualmente exportamos productos de las marcas <strong>Aurora, Aurora Premium y Alegra<\/strong>.<\/p>\n\n\n\n<div class=\"wp-block-group is-content-justification-center is-nowrap is-layout-flex wp-container-core-group-is-layout-94bc23d7 wp-block-group-is-layout-flex\"><div class=\"wp-block-image\">\n<figure class=\"alignleft size-full\"><img loading=\"lazy\" decoding=\"async\" width=\"192\" height=\"193\" src=\"https:\/\/auroracoop.com.br\/es\/wp-content\/uploads\/sites\/3\/2025\/12\/aurora-logo-circle.jpg\" alt=\"\" class=\"wp-image-2250\" srcset=\"https:\/\/auroracoop.com.br\/es\/wp-content\/uploads\/sites\/3\/2025\/12\/aurora-logo-circle.jpg 192w, https:\/\/auroracoop.com.br\/es\/wp-content\/uploads\/sites\/3\/2025\/12\/aurora-logo-circle-150x150.jpg 150w\" sizes=\"auto, (max-width: 192px) 100vw, 192px\" \/><\/figure>\n<\/div>\n\n<div class=\"wp-block-image\">\n<figure class=\"alignleft size-full\"><img loading=\"lazy\" decoding=\"async\" width=\"185\" height=\"193\" src=\"https:\/\/auroracoop.com.br\/es\/wp-content\/uploads\/sites\/3\/2025\/12\/aurora-premium-logo-circle.jpg\" alt=\"\" class=\"wp-image-2248\"\/><\/figure>\n<\/div>\n\n<div class=\"wp-block-image\">\n<figure class=\"alignleft size-full\"><img loading=\"lazy\" decoding=\"async\" width=\"193\" height=\"193\" src=\"https:\/\/auroracoop.com.br\/es\/wp-content\/uploads\/sites\/3\/2025\/12\/alegra-logo-circle.jpg\" alt=\"\" class=\"wp-image-2251\" srcset=\"https:\/\/auroracoop.com.br\/es\/wp-content\/uploads\/sites\/3\/2025\/12\/alegra-logo-circle.jpg 193w, https:\/\/auroracoop.com.br\/es\/wp-content\/uploads\/sites\/3\/2025\/12\/alegra-logo-circle-150x150.jpg 150w\" sizes=\"auto, (max-width: 193px) 100vw, 193px\" \/><\/figure>\n<\/div><\/div>\n","protected":false},"excerpt":{"rendered":"<p>Aurora Coop es una de las cooperativas de alimentos m\u00e1s grandes de Brasil. Exportamos a una media de 80 pa\u00edses de todos los continentes.<\/p>\n","protected":false},"author":1,"featured_media":0,"parent":0,"menu_order":0,"comment_status":"closed","ping_status":"closed","template":"page-exportacao.php","meta":{"footnotes":""},"class_list":["post-348","page","type-page","status-publish","hentry"],"acf":[],"yoast_head":"<!-- This site is optimized with the Yoast SEO plugin v26.8 - https:\/\/yoast.com\/product\/yoast-seo-wordpress\/ -->\n<title>Exportaci\u00f3n | Aurora Coop<\/title>\n<meta name=\"robots\" content=\"index, follow, max-snippet:-1, max-image-preview:large, max-video-preview:-1\" \/>\n<link rel=\"canonical\" href=\"https:\/\/auroracoop.com.br\/es\/exportacion\/\" \/>\n<meta property=\"og:locale\" content=\"pt_BR\" \/>\n<meta property=\"og:type\" content=\"article\" \/>\n<meta property=\"og:title\" content=\"Exportaci\u00f3n | Aurora Coop\" \/>\n<meta property=\"og:description\" content=\"Aurora Coop es una de las cooperativas de alimentos m\u00e1s grandes de Brasil. Exportamos a una media de 80 pa\u00edses de todos los continentes.\" \/>\n<meta property=\"og:url\" content=\"https:\/\/auroracoop.com.br\/es\/exportacion\/\" \/>\n<meta property=\"og:site_name\" content=\"Aurora Coop\" \/>\n<meta property=\"article:modified_time\" content=\"2026-04-07T20:41:52+00:00\" \/>\n<meta property=\"og:image\" content=\"https:\/\/auroracoop.com.br\/es\/wp-content\/uploads\/sites\/3\/2025\/12\/aurora-logo-circle.jpg\" \/>\n\t<meta property=\"og:image:width\" content=\"192\" \/>\n\t<meta property=\"og:image:height\" content=\"193\" \/>\n\t<meta property=\"og:image:type\" content=\"image\/jpeg\" \/>\n<meta name=\"twitter:card\" content=\"summary_large_image\" \/>\n<meta name=\"twitter:label1\" content=\"Est. tempo de leitura\" \/>\n\t<meta name=\"twitter:data1\" content=\"5 minutos\" \/>\n<script type=\"application\/ld+json\" class=\"yoast-schema-graph\">{\"@context\":\"https:\/\/schema.org\",\"@graph\":[{\"@type\":\"WebPage\",\"@id\":\"https:\/\/auroracoop.com.br\/es\/exportacion\/\",\"url\":\"https:\/\/auroracoop.com.br\/es\/exportacion\/\",\"name\":\"Exportaci\u00f3n | Aurora Coop\",\"isPartOf\":{\"@id\":\"https:\/\/auroracoop.com.br\/es\/#website\"},\"primaryImageOfPage\":{\"@id\":\"https:\/\/auroracoop.com.br\/es\/exportacion\/#primaryimage\"},\"image\":{\"@id\":\"https:\/\/auroracoop.com.br\/es\/exportacion\/#primaryimage\"},\"thumbnailUrl\":\"https:\/\/auroracoop.com.br\/es\/wp-content\/uploads\/sites\/3\/2025\/12\/aurora-logo-circle.jpg\",\"datePublished\":\"2022-01-13T22:06:57+00:00\",\"dateModified\":\"2026-04-07T20:41:52+00:00\",\"breadcrumb\":{\"@id\":\"https:\/\/auroracoop.com.br\/es\/exportacion\/#breadcrumb\"},\"inLanguage\":\"pt-BR\",\"potentialAction\":[{\"@type\":\"ReadAction\",\"target\":[\"https:\/\/auroracoop.com.br\/es\/exportacion\/\"]}]},{\"@type\":\"ImageObject\",\"inLanguage\":\"pt-BR\",\"@id\":\"https:\/\/auroracoop.com.br\/es\/exportacion\/#primaryimage\",\"url\":\"https:\/\/auroracoop.com.br\/es\/wp-content\/uploads\/sites\/3\/2025\/12\/aurora-logo-circle.jpg\",\"contentUrl\":\"https:\/\/auroracoop.com.br\/es\/wp-content\/uploads\/sites\/3\/2025\/12\/aurora-logo-circle.jpg\",\"width\":192,\"height\":193},{\"@type\":\"BreadcrumbList\",\"@id\":\"https:\/\/auroracoop.com.br\/es\/exportacion\/#breadcrumb\",\"itemListElement\":[{\"@type\":\"ListItem\",\"position\":1,\"name\":\"In\u00edcio\",\"item\":\"https:\/\/auroracoop.com.br\/es\/\"},{\"@type\":\"ListItem\",\"position\":2,\"name\":\"Exportaci\u00f3n\"}]},{\"@type\":\"WebSite\",\"@id\":\"https:\/\/auroracoop.com.br\/es\/#website\",\"url\":\"https:\/\/auroracoop.com.br\/es\/\",\"name\":\"Aurora Coop\",\"description\":\"Nuestra esencia est\u00e1 en las personas\",\"publisher\":{\"@id\":\"https:\/\/auroracoop.com.br\/es\/#organization\"},\"potentialAction\":[{\"@type\":\"SearchAction\",\"target\":{\"@type\":\"EntryPoint\",\"urlTemplate\":\"https:\/\/auroracoop.com.br\/es\/?s={search_term_string}\"},\"query-input\":{\"@type\":\"PropertyValueSpecification\",\"valueRequired\":true,\"valueName\":\"search_term_string\"}}],\"inLanguage\":\"pt-BR\"},{\"@type\":\"Organization\",\"@id\":\"https:\/\/auroracoop.com.br\/es\/#organization\",\"name\":\"Aurora Coop\",\"url\":\"https:\/\/auroracoop.com.br\/es\/\",\"logo\":{\"@type\":\"ImageObject\",\"inLanguage\":\"pt-BR\",\"@id\":\"https:\/\/auroracoop.com.br\/es\/#\/schema\/logo\/image\/\",\"url\":\"https:\/\/auroracoop.com.br\/es\/wp-content\/uploads\/sites\/3\/2022\/04\/logo.svg\",\"contentUrl\":\"https:\/\/auroracoop.com.br\/es\/wp-content\/uploads\/sites\/3\/2022\/04\/logo.svg\",\"width\":230,\"height\":54,\"caption\":\"Aurora Coop\"},\"image\":{\"@id\":\"https:\/\/auroracoop.com.br\/es\/#\/schema\/logo\/image\/\"}}]}<\/script>\n<!-- \/ Yoast SEO plugin. -->","yoast_head_json":{"title":"Exportaci\u00f3n | Aurora Coop","robots":{"index":"index","follow":"follow","max-snippet":"max-snippet:-1","max-image-preview":"max-image-preview:large","max-video-preview":"max-video-preview:-1"},"canonical":"https:\/\/auroracoop.com.br\/es\/exportacion\/","og_locale":"pt_BR","og_type":"article","og_title":"Exportaci\u00f3n | Aurora Coop","og_description":"Aurora Coop es una de las cooperativas de alimentos m\u00e1s grandes de Brasil. Exportamos a una media de 80 pa\u00edses de todos los continentes.","og_url":"https:\/\/auroracoop.com.br\/es\/exportacion\/","og_site_name":"Aurora Coop","article_modified_time":"2026-04-07T20:41:52+00:00","og_image":[{"width":192,"height":193,"url":"https:\/\/auroracoop.com.br\/es\/wp-content\/uploads\/sites\/3\/2025\/12\/aurora-logo-circle.jpg","type":"image\/jpeg"}],"twitter_card":"summary_large_image","twitter_misc":{"Est. tempo de leitura":"5 minutos"},"schema":{"@context":"https:\/\/schema.org","@graph":[{"@type":"WebPage","@id":"https:\/\/auroracoop.com.br\/es\/exportacion\/","url":"https:\/\/auroracoop.com.br\/es\/exportacion\/","name":"Exportaci\u00f3n | Aurora Coop","isPartOf":{"@id":"https:\/\/auroracoop.com.br\/es\/#website"},"primaryImageOfPage":{"@id":"https:\/\/auroracoop.com.br\/es\/exportacion\/#primaryimage"},"image":{"@id":"https:\/\/auroracoop.com.br\/es\/exportacion\/#primaryimage"},"thumbnailUrl":"https:\/\/auroracoop.com.br\/es\/wp-content\/uploads\/sites\/3\/2025\/12\/aurora-logo-circle.jpg","datePublished":"2022-01-13T22:06:57+00:00","dateModified":"2026-04-07T20:41:52+00:00","breadcrumb":{"@id":"https:\/\/auroracoop.com.br\/es\/exportacion\/#breadcrumb"},"inLanguage":"pt-BR","potentialAction":[{"@type":"ReadAction","target":["https:\/\/auroracoop.com.br\/es\/exportacion\/"]}]},{"@type":"ImageObject","inLanguage":"pt-BR","@id":"https:\/\/auroracoop.com.br\/es\/exportacion\/#primaryimage","url":"https:\/\/auroracoop.com.br\/es\/wp-content\/uploads\/sites\/3\/2025\/12\/aurora-logo-circle.jpg","contentUrl":"https:\/\/auroracoop.com.br\/es\/wp-content\/uploads\/sites\/3\/2025\/12\/aurora-logo-circle.jpg","width":192,"height":193},{"@type":"BreadcrumbList","@id":"https:\/\/auroracoop.com.br\/es\/exportacion\/#breadcrumb","itemListElement":[{"@type":"ListItem","position":1,"name":"In\u00edcio","item":"https:\/\/auroracoop.com.br\/es\/"},{"@type":"ListItem","position":2,"name":"Exportaci\u00f3n"}]},{"@type":"WebSite","@id":"https:\/\/auroracoop.com.br\/es\/#website","url":"https:\/\/auroracoop.com.br\/es\/","name":"Aurora Coop","description":"Nuestra esencia est\u00e1 en las personas","publisher":{"@id":"https:\/\/auroracoop.com.br\/es\/#organization"},"potentialAction":[{"@type":"SearchAction","target":{"@type":"EntryPoint","urlTemplate":"https:\/\/auroracoop.com.br\/es\/?s={search_term_string}"},"query-input":{"@type":"PropertyValueSpecification","valueRequired":true,"valueName":"search_term_string"}}],"inLanguage":"pt-BR"},{"@type":"Organization","@id":"https:\/\/auroracoop.com.br\/es\/#organization","name":"Aurora Coop","url":"https:\/\/auroracoop.com.br\/es\/","logo":{"@type":"ImageObject","inLanguage":"pt-BR","@id":"https:\/\/auroracoop.com.br\/es\/#\/schema\/logo\/image\/","url":"https:\/\/auroracoop.com.br\/es\/wp-content\/uploads\/sites\/3\/2022\/04\/logo.svg","contentUrl":"https:\/\/auroracoop.com.br\/es\/wp-content\/uploads\/sites\/3\/2022\/04\/logo.svg","width":230,"height":54,"caption":"Aurora Coop"},"image":{"@id":"https:\/\/auroracoop.com.br\/es\/#\/schema\/logo\/image\/"}}]}},"_links":{"self":[{"href":"https:\/\/auroracoop.com.br\/es\/wp-json\/wp\/v2\/pages\/348","targetHints":{"allow":["GET"]}}],"collection":[{"href":"https:\/\/auroracoop.com.br\/es\/wp-json\/wp\/v2\/pages"}],"about":[{"href":"https:\/\/auroracoop.com.br\/es\/wp-json\/wp\/v2\/types\/page"}],"author":[{"embeddable":true,"href":"https:\/\/auroracoop.com.br\/es\/wp-json\/wp\/v2\/users\/1"}],"replies":[{"embeddable":true,"href":"https:\/\/auroracoop.com.br\/es\/wp-json\/wp\/v2\/comments?post=348"}],"version-history":[{"count":44,"href":"https:\/\/auroracoop.com.br\/es\/wp-json\/wp\/v2\/pages\/348\/revisions"}],"predecessor-version":[{"id":2290,"href":"https:\/\/auroracoop.com.br\/es\/wp-json\/wp\/v2\/pages\/348\/revisions\/2290"}],"wp:attachment":[{"href":"https:\/\/auroracoop.com.br\/es\/wp-json\/wp\/v2\/media?parent=348"}],"curies":[{"name":"wp","href":"https:\/\/api.w.org\/{rel}","templated":true}]}}