{"id":497,"date":"2022-01-17T10:33:58","date_gmt":"2022-01-17T13:33:58","guid":{"rendered":"http:\/\/localhost:8888\/website-aurora-coop\/?page_id=497"},"modified":"2024-08-13T13:21:35","modified_gmt":"2024-08-13T16:21:35","slug":"medio-ambiente","status":"publish","type":"page","link":"https:\/\/auroracoop.com.br\/es\/sustentabilidad\/medio-ambiente\/","title":{"rendered":"Medio Ambiente"},"content":{"rendered":"\n<p>Nuestro cuidado por los recursos naturales inicia en el campo con la promoci\u00f3n de buenas pr\u00e1cticas con los empresarios rurales, pasa por el desarrollo de nuestros productos de marca y actividades industriales, hasta la disposici\u00f3n de los embalajes por parte de los consumidores. Monitoreamos y controlamos los aspectos ambientales m\u00e1s significativos y evaluamos los riesgos y oportunidades en nuestras operaciones para reducir los impactos adversos y prevenir la contaminaci\u00f3n..<br><br>As\u00ed, la gesti\u00f3n ambiental de Aurora Coop est\u00e1 alineada con nuestros valores y estrategias, con inversiones orientadas al cumplimiento legal y al crecimiento sustentable de la actividad. Conozca algunas de nuestras pr\u00e1cticas:<\/p>\n\n\n\n<div class=\"wp-block-columns is-layout-flex wp-container-core-columns-is-layout-9d6595d7 wp-block-columns-is-layout-flex\">\n<div class=\"wp-block-column is-layout-flow wp-block-column-is-layout-flow\" style=\"flex-basis:33.33%\">\n<figure class=\"wp-block-image size-full\"><img loading=\"lazy\" decoding=\"async\" width=\"344\" height=\"207\" src=\"https:\/\/auroracoop.com.br\/es\/wp-content\/uploads\/sites\/3\/2022\/04\/Imagem.png\" alt=\"\" class=\"wp-image-1765\" srcset=\"https:\/\/auroracoop.com.br\/es\/wp-content\/uploads\/sites\/3\/2022\/04\/Imagem.png 344w, https:\/\/auroracoop.com.br\/es\/wp-content\/uploads\/sites\/3\/2022\/04\/Imagem-300x181.png 300w\" sizes=\"auto, (max-width: 344px) 100vw, 344px\" \/><\/figure>\n<\/div>\n\n\n\n<div class=\"wp-block-column is-layout-flow wp-block-column-is-layout-flow\" style=\"flex-basis:66.66%\">\n<p><strong><strong>Uso del agua<\/strong><\/strong><\/p>\n\n\n\n<p>Gestionamos el volumen de agua captada y la calidad de los efluentes devueltos al medio ambiente, de acuerdo con las licencias ambientales. M\u00e1s del 90% del agua utilizada en los procesos industriales se devuelve al medio ambiente tras un tratamiento adecuado. Actuamos en la reducci\u00f3n y reutilizaci\u00f3n del agua, buscando aumentar la eficiencia en el uso de los recursos h\u00eddricos y la preservaci\u00f3n del medio ambiente.<br><br>Participamos de Comit\u00e9s de Cuencas hidrogr\u00e1ficas y animamos a los empresarios rurales a adoptar medidas para reducir el consumo de agua, proteger los manantiales y el bosque de ribera y disponer adecuadamente los residuos de las actividades agr\u00edcolas. As\u00ed, contribuimos a la conservaci\u00f3n del medio ambiente y minimizamos los impactos de la cadena productiva.<\/p>\n<\/div>\n<\/div>\n\n\n\n<div class=\"wp-block-columns is-layout-flex wp-container-core-columns-is-layout-9d6595d7 wp-block-columns-is-layout-flex\">\n<div class=\"wp-block-column is-layout-flow wp-block-column-is-layout-flow\" style=\"flex-basis:66.66%\">\n<p><strong><strong>Fuentes de energ\u00eda<\/strong><\/strong><\/p>\n\n\n\n<p>Aurora Coop funciona con energ\u00eda renovable. Aproximadamente 98% de la energ\u00eda consumida directamente por las unidades industriales se obtiene de fuentes renovables. Una matriz energ\u00e9tica basada en fuentes renovables genera menos gases de efecto invernadero (GEI) e impactos ambientales..<br><br>Actualmente, nuestra mayor fuente de energ\u00eda utilizada es la le\u00f1a. Y para atender la demanda, mantenemos nuestras propias \u00e1reas de reforestaci\u00f3n, arrendamos o adquirimos le\u00f1a de terceros. Nuestra segunda fuente de energ\u00eda es la electricidad, la cual compramos en el mercado cautivo y obtenemos a trav\u00e9s de la operaci\u00f3n de un Centro de Generaci\u00f3n Hidroel\u00e9ctrica (CGH) y mediante la contrataci\u00f3n de energ\u00eda en el mercado libre. La mayor parte de la energ\u00eda del mercado libre se incentiva a partir de fuentes que tienen un bajo impacto ambiental.<\/p>\n\n\n\n<p>A partir de 2022, la cooperativa reforz\u00f3 su compromiso con la innovaci\u00f3n y la sostenibilidad, empezando a utilizar camiones el\u00e9ctricos en la flota de reparto de productos refrigerados. Los veh\u00edculos cumplen la legislaci\u00f3n medioambiental, minimizan la contaminaci\u00f3n ac\u00fastica y generan menos vibraciones y ruidos internos. Para m\u00e1s informaci\u00f3n sobre la iniciativa, <a href=\"https:\/\/youtu.be\/5j8IAeXGAEU\" target=\"_blank\" rel=\"noreferrer noopener\">pulse aqu\u00ed<\/a>.<\/p>\n<\/div>\n\n\n\n<div class=\"wp-block-column is-layout-flow wp-block-column-is-layout-flow\" style=\"flex-basis:33.33%\">\n<figure class=\"wp-block-image size-full\"><img loading=\"lazy\" decoding=\"async\" width=\"345\" height=\"207\" src=\"https:\/\/auroracoop.com.br\/es\/wp-content\/uploads\/sites\/3\/2022\/04\/Imagem2.png\" alt=\"\" class=\"wp-image-1766\" srcset=\"https:\/\/auroracoop.com.br\/es\/wp-content\/uploads\/sites\/3\/2022\/04\/Imagem2.png 345w, https:\/\/auroracoop.com.br\/es\/wp-content\/uploads\/sites\/3\/2022\/04\/Imagem2-300x180.png 300w\" sizes=\"auto, (max-width: 345px) 100vw, 345px\" \/><\/figure>\n<\/div>\n<\/div>\n\n\n\n<div class=\"wp-block-columns is-layout-flex wp-container-core-columns-is-layout-9d6595d7 wp-block-columns-is-layout-flex\">\n<div class=\"wp-block-column is-layout-flow wp-block-column-is-layout-flow\" style=\"flex-basis:33.33%\">\n<figure class=\"wp-block-image size-full\"><img loading=\"lazy\" decoding=\"async\" width=\"345\" height=\"207\" src=\"https:\/\/auroracoop.com.br\/es\/wp-content\/uploads\/sites\/3\/2022\/04\/Imagem3.png\" alt=\"\" class=\"wp-image-1767\" srcset=\"https:\/\/auroracoop.com.br\/es\/wp-content\/uploads\/sites\/3\/2022\/04\/Imagem3.png 345w, https:\/\/auroracoop.com.br\/es\/wp-content\/uploads\/sites\/3\/2022\/04\/Imagem3-300x180.png 300w\" sizes=\"auto, (max-width: 345px) 100vw, 345px\" \/><\/figure>\n<\/div>\n\n\n\n<div class=\"wp-block-column is-layout-flow wp-block-column-is-layout-flow\" style=\"flex-basis:66.66%\">\n<p><strong><strong>Gesti\u00f3n de residuos<\/strong><\/strong><\/p>\n\n\n\n<p>Para reducir la cantidad de desperdicio enviados a vertederos y garantizar el destino adecuado, gestionamos todos los residuos generados por Aurora Coop. M\u00e1s del 90% de los residuos generados en nuestras operaciones son reutilizados. La aplicaci\u00f3n al suelo en forma de fertilizante y abono tiene impacto positivo en la propia cadena productiva, en el cultivo de granos y pastos. Peri\u00f3dicamente auditamos a nuestros transportistas y expedidores subcontratados y asesoramos a nuestros empleados sobre programas de eliminaci\u00f3n ambiental y recolecci\u00f3n selectiva.<br><br>Desde 1995, la empresa mantiene el Programa Reciclaje Vida, utilizado para capacitar a los empleados, contabilizar los materiales reciclados y diseminar resultados con ganancias ambientales.<\/p>\n<\/div>\n<\/div>\n","protected":false},"excerpt":{"rendered":"<p>Cuidado con los recursos naturales en todos los momentos. <\/p>\n","protected":false},"author":1,"featured_media":0,"parent":928,"menu_order":0,"comment_status":"closed","ping_status":"closed","template":"page-meio-ambiente.php","meta":{"footnotes":""},"class_list":["post-497","page","type-page","status-publish","hentry"],"acf":[],"yoast_head":"<!-- This site is optimized with the Yoast SEO plugin v26.8 - https:\/\/yoast.com\/product\/yoast-seo-wordpress\/ -->\n<title>Medio Ambiente | Aurora Coop<\/title>\n<meta name=\"robots\" content=\"index, follow, max-snippet:-1, max-image-preview:large, max-video-preview:-1\" \/>\n<link rel=\"canonical\" href=\"https:\/\/auroracoop.com.br\/es\/sustentabilidad\/medio-ambiente\/\" \/>\n<meta property=\"og:locale\" content=\"pt_BR\" \/>\n<meta property=\"og:type\" content=\"article\" \/>\n<meta property=\"og:title\" content=\"Medio Ambiente | Aurora Coop\" \/>\n<meta property=\"og:description\" content=\"Cuidado con los recursos naturales en todos los momentos.\" \/>\n<meta property=\"og:url\" content=\"https:\/\/auroracoop.com.br\/es\/sustentabilidad\/medio-ambiente\/\" \/>\n<meta property=\"og:site_name\" content=\"Aurora Coop\" \/>\n<meta property=\"article:modified_time\" content=\"2024-08-13T16:21:35+00:00\" \/>\n<meta property=\"og:image\" content=\"https:\/\/auroracoop.com.br\/es\/wp-content\/uploads\/sites\/3\/2022\/04\/Imagem.png\" \/>\n<meta name=\"twitter:card\" content=\"summary_large_image\" \/>\n<meta name=\"twitter:label1\" content=\"Est. tempo de leitura\" \/>\n\t<meta name=\"twitter:data1\" content=\"4 minutos\" \/>\n<script type=\"application\/ld+json\" class=\"yoast-schema-graph\">{\"@context\":\"https:\/\/schema.org\",\"@graph\":[{\"@type\":\"WebPage\",\"@id\":\"https:\/\/auroracoop.com.br\/es\/sustentabilidad\/medio-ambiente\/\",\"url\":\"https:\/\/auroracoop.com.br\/es\/sustentabilidad\/medio-ambiente\/\",\"name\":\"Medio Ambiente | Aurora Coop\",\"isPartOf\":{\"@id\":\"https:\/\/auroracoop.com.br\/es\/#website\"},\"primaryImageOfPage\":{\"@id\":\"https:\/\/auroracoop.com.br\/es\/sustentabilidad\/medio-ambiente\/#primaryimage\"},\"image\":{\"@id\":\"https:\/\/auroracoop.com.br\/es\/sustentabilidad\/medio-ambiente\/#primaryimage\"},\"thumbnailUrl\":\"https:\/\/auroracoop.com.br\/es\/wp-content\/uploads\/sites\/3\/2022\/04\/Imagem.png\",\"datePublished\":\"2022-01-17T13:33:58+00:00\",\"dateModified\":\"2024-08-13T16:21:35+00:00\",\"breadcrumb\":{\"@id\":\"https:\/\/auroracoop.com.br\/es\/sustentabilidad\/medio-ambiente\/#breadcrumb\"},\"inLanguage\":\"pt-BR\",\"potentialAction\":[{\"@type\":\"ReadAction\",\"target\":[\"https:\/\/auroracoop.com.br\/es\/sustentabilidad\/medio-ambiente\/\"]}]},{\"@type\":\"ImageObject\",\"inLanguage\":\"pt-BR\",\"@id\":\"https:\/\/auroracoop.com.br\/es\/sustentabilidad\/medio-ambiente\/#primaryimage\",\"url\":\"https:\/\/auroracoop.com.br\/es\/wp-content\/uploads\/sites\/3\/2022\/04\/Imagem.png\",\"contentUrl\":\"https:\/\/auroracoop.com.br\/es\/wp-content\/uploads\/sites\/3\/2022\/04\/Imagem.png\",\"width\":344,\"height\":207},{\"@type\":\"BreadcrumbList\",\"@id\":\"https:\/\/auroracoop.com.br\/es\/sustentabilidad\/medio-ambiente\/#breadcrumb\",\"itemListElement\":[{\"@type\":\"ListItem\",\"position\":1,\"name\":\"In\u00edcio\",\"item\":\"https:\/\/auroracoop.com.br\/es\/\"},{\"@type\":\"ListItem\",\"position\":2,\"name\":\"Sustentabilidad\",\"item\":\"https:\/\/auroracoop.com.br\/es\/sustentabilidad\/\"},{\"@type\":\"ListItem\",\"position\":3,\"name\":\"Medio Ambiente\"}]},{\"@type\":\"WebSite\",\"@id\":\"https:\/\/auroracoop.com.br\/es\/#website\",\"url\":\"https:\/\/auroracoop.com.br\/es\/\",\"name\":\"Aurora Coop\",\"description\":\"Nuestra esencia est\u00e1 en las personas\",\"publisher\":{\"@id\":\"https:\/\/auroracoop.com.br\/es\/#organization\"},\"potentialAction\":[{\"@type\":\"SearchAction\",\"target\":{\"@type\":\"EntryPoint\",\"urlTemplate\":\"https:\/\/auroracoop.com.br\/es\/?s={search_term_string}\"},\"query-input\":{\"@type\":\"PropertyValueSpecification\",\"valueRequired\":true,\"valueName\":\"search_term_string\"}}],\"inLanguage\":\"pt-BR\"},{\"@type\":\"Organization\",\"@id\":\"https:\/\/auroracoop.com.br\/es\/#organization\",\"name\":\"Aurora Coop\",\"url\":\"https:\/\/auroracoop.com.br\/es\/\",\"logo\":{\"@type\":\"ImageObject\",\"inLanguage\":\"pt-BR\",\"@id\":\"https:\/\/auroracoop.com.br\/es\/#\/schema\/logo\/image\/\",\"url\":\"https:\/\/auroracoop.com.br\/es\/wp-content\/uploads\/sites\/3\/2022\/04\/logo.svg\",\"contentUrl\":\"https:\/\/auroracoop.com.br\/es\/wp-content\/uploads\/sites\/3\/2022\/04\/logo.svg\",\"width\":230,\"height\":54,\"caption\":\"Aurora Coop\"},\"image\":{\"@id\":\"https:\/\/auroracoop.com.br\/es\/#\/schema\/logo\/image\/\"}}]}<\/script>\n<!-- \/ Yoast SEO plugin. -->","yoast_head_json":{"title":"Medio Ambiente | Aurora Coop","robots":{"index":"index","follow":"follow","max-snippet":"max-snippet:-1","max-image-preview":"max-image-preview:large","max-video-preview":"max-video-preview:-1"},"canonical":"https:\/\/auroracoop.com.br\/es\/sustentabilidad\/medio-ambiente\/","og_locale":"pt_BR","og_type":"article","og_title":"Medio Ambiente | Aurora Coop","og_description":"Cuidado con los recursos naturales en todos los momentos.","og_url":"https:\/\/auroracoop.com.br\/es\/sustentabilidad\/medio-ambiente\/","og_site_name":"Aurora Coop","article_modified_time":"2024-08-13T16:21:35+00:00","og_image":[{"url":"https:\/\/auroracoop.com.br\/es\/wp-content\/uploads\/sites\/3\/2022\/04\/Imagem.png","type":"","width":"","height":""}],"twitter_card":"summary_large_image","twitter_misc":{"Est. tempo de leitura":"4 minutos"},"schema":{"@context":"https:\/\/schema.org","@graph":[{"@type":"WebPage","@id":"https:\/\/auroracoop.com.br\/es\/sustentabilidad\/medio-ambiente\/","url":"https:\/\/auroracoop.com.br\/es\/sustentabilidad\/medio-ambiente\/","name":"Medio Ambiente | Aurora Coop","isPartOf":{"@id":"https:\/\/auroracoop.com.br\/es\/#website"},"primaryImageOfPage":{"@id":"https:\/\/auroracoop.com.br\/es\/sustentabilidad\/medio-ambiente\/#primaryimage"},"image":{"@id":"https:\/\/auroracoop.com.br\/es\/sustentabilidad\/medio-ambiente\/#primaryimage"},"thumbnailUrl":"https:\/\/auroracoop.com.br\/es\/wp-content\/uploads\/sites\/3\/2022\/04\/Imagem.png","datePublished":"2022-01-17T13:33:58+00:00","dateModified":"2024-08-13T16:21:35+00:00","breadcrumb":{"@id":"https:\/\/auroracoop.com.br\/es\/sustentabilidad\/medio-ambiente\/#breadcrumb"},"inLanguage":"pt-BR","potentialAction":[{"@type":"ReadAction","target":["https:\/\/auroracoop.com.br\/es\/sustentabilidad\/medio-ambiente\/"]}]},{"@type":"ImageObject","inLanguage":"pt-BR","@id":"https:\/\/auroracoop.com.br\/es\/sustentabilidad\/medio-ambiente\/#primaryimage","url":"https:\/\/auroracoop.com.br\/es\/wp-content\/uploads\/sites\/3\/2022\/04\/Imagem.png","contentUrl":"https:\/\/auroracoop.com.br\/es\/wp-content\/uploads\/sites\/3\/2022\/04\/Imagem.png","width":344,"height":207},{"@type":"BreadcrumbList","@id":"https:\/\/auroracoop.com.br\/es\/sustentabilidad\/medio-ambiente\/#breadcrumb","itemListElement":[{"@type":"ListItem","position":1,"name":"In\u00edcio","item":"https:\/\/auroracoop.com.br\/es\/"},{"@type":"ListItem","position":2,"name":"Sustentabilidad","item":"https:\/\/auroracoop.com.br\/es\/sustentabilidad\/"},{"@type":"ListItem","position":3,"name":"Medio Ambiente"}]},{"@type":"WebSite","@id":"https:\/\/auroracoop.com.br\/es\/#website","url":"https:\/\/auroracoop.com.br\/es\/","name":"Aurora Coop","description":"Nuestra esencia est\u00e1 en las personas","publisher":{"@id":"https:\/\/auroracoop.com.br\/es\/#organization"},"potentialAction":[{"@type":"SearchAction","target":{"@type":"EntryPoint","urlTemplate":"https:\/\/auroracoop.com.br\/es\/?s={search_term_string}"},"query-input":{"@type":"PropertyValueSpecification","valueRequired":true,"valueName":"search_term_string"}}],"inLanguage":"pt-BR"},{"@type":"Organization","@id":"https:\/\/auroracoop.com.br\/es\/#organization","name":"Aurora Coop","url":"https:\/\/auroracoop.com.br\/es\/","logo":{"@type":"ImageObject","inLanguage":"pt-BR","@id":"https:\/\/auroracoop.com.br\/es\/#\/schema\/logo\/image\/","url":"https:\/\/auroracoop.com.br\/es\/wp-content\/uploads\/sites\/3\/2022\/04\/logo.svg","contentUrl":"https:\/\/auroracoop.com.br\/es\/wp-content\/uploads\/sites\/3\/2022\/04\/logo.svg","width":230,"height":54,"caption":"Aurora Coop"},"image":{"@id":"https:\/\/auroracoop.com.br\/es\/#\/schema\/logo\/image\/"}}]}},"_links":{"self":[{"href":"https:\/\/auroracoop.com.br\/es\/wp-json\/wp\/v2\/pages\/497","targetHints":{"allow":["GET"]}}],"collection":[{"href":"https:\/\/auroracoop.com.br\/es\/wp-json\/wp\/v2\/pages"}],"about":[{"href":"https:\/\/auroracoop.com.br\/es\/wp-json\/wp\/v2\/types\/page"}],"author":[{"embeddable":true,"href":"https:\/\/auroracoop.com.br\/es\/wp-json\/wp\/v2\/users\/1"}],"replies":[{"embeddable":true,"href":"https:\/\/auroracoop.com.br\/es\/wp-json\/wp\/v2\/comments?post=497"}],"version-history":[{"count":8,"href":"https:\/\/auroracoop.com.br\/es\/wp-json\/wp\/v2\/pages\/497\/revisions"}],"predecessor-version":[{"id":2183,"href":"https:\/\/auroracoop.com.br\/es\/wp-json\/wp\/v2\/pages\/497\/revisions\/2183"}],"up":[{"embeddable":true,"href":"https:\/\/auroracoop.com.br\/es\/wp-json\/wp\/v2\/pages\/928"}],"wp:attachment":[{"href":"https:\/\/auroracoop.com.br\/es\/wp-json\/wp\/v2\/media?parent=497"}],"curies":[{"name":"wp","href":"https:\/\/api.w.org\/{rel}","templated":true}]}}