{"id":6,"date":"2021-12-15T11:26:10","date_gmt":"2021-12-15T14:26:10","guid":{"rendered":"http:\/\/localhost:8888\/website-aurora-coop\/?page_id=2"},"modified":"2026-04-20T11:15:05","modified_gmt":"2026-04-20T14:15:05","slug":"home","status":"publish","type":"page","link":"https:\/\/auroracoop.com.br\/es\/","title":{"rendered":"Home"},"content":{"rendered":"","protected":false},"excerpt":{"rendered":"","protected":false},"author":1,"featured_media":0,"parent":0,"menu_order":0,"comment_status":"closed","ping_status":"closed","template":"index.php","meta":{"footnotes":""},"class_list":["post-6","page","type-page","status-publish","hentry"],"acf":[],"yoast_head":"<!-- This site is optimized with the Yoast SEO plugin v26.8 - https:\/\/yoast.com\/product\/yoast-seo-wordpress\/ -->\n<title>Aurora Coop | Nuestra esencia est\u00e1 en las personas<\/title>\n<meta name=\"description\" content=\"Aurora Coop. La esencia de Aurora son las personas. Con gesti\u00f3n participativa, act\u00faa en la industrializaci\u00f3n y comercializaci\u00f3n de carne de cerdo, aves, l\u00e1cteos, pastas, legumbres y suplementos para la alimentaci\u00f3n animal en todo Brasil. La sustentabilidad y la calidad son parte de la esencia de Aurora Alimentos.\" \/>\n<meta name=\"robots\" content=\"index, follow, max-snippet:-1, max-image-preview:large, max-video-preview:-1\" \/>\n<link rel=\"canonical\" href=\"https:\/\/auroracoop.com.br\/es\/\" \/>\n<meta property=\"og:locale\" content=\"pt_BR\" \/>\n<meta property=\"og:type\" content=\"article\" \/>\n<meta property=\"og:title\" content=\"Aurora Coop | Nuestra esencia est\u00e1 en las personas\" \/>\n<meta property=\"og:description\" content=\"Aurora Coop. La esencia de Aurora son las personas. Con gesti\u00f3n participativa, act\u00faa en la industrializaci\u00f3n y comercializaci\u00f3n de carne de cerdo, aves, l\u00e1cteos, pastas, legumbres y suplementos para la alimentaci\u00f3n animal en todo Brasil. La sustentabilidad y la calidad son parte de la esencia de Aurora Alimentos.\" \/>\n<meta property=\"og:url\" content=\"https:\/\/auroracoop.com.br\/es\/\" \/>\n<meta property=\"og:site_name\" content=\"Aurora Coop\" \/>\n<meta property=\"article:modified_time\" content=\"2026-04-20T14:15:05+00:00\" \/>\n<meta name=\"twitter:card\" content=\"summary_large_image\" \/>\n<meta name=\"twitter:label1\" content=\"Est. tempo de leitura\" \/>\n\t<meta name=\"twitter:data1\" content=\"5 minutos\" \/>\n<script type=\"application\/ld+json\" class=\"yoast-schema-graph\">{\"@context\":\"https:\/\/schema.org\",\"@graph\":[{\"@type\":\"WebPage\",\"@id\":\"https:\/\/auroracoop.com.br\/es\/\",\"url\":\"https:\/\/auroracoop.com.br\/es\/\",\"name\":\"Aurora Coop | Nuestra esencia est\u00e1 en las personas\",\"isPartOf\":{\"@id\":\"https:\/\/auroracoop.com.br\/es\/#website\"},\"datePublished\":\"2021-12-15T14:26:10+00:00\",\"dateModified\":\"2026-04-20T14:15:05+00:00\",\"description\":\"Aurora Coop. La esencia de Aurora son las personas. Con gesti\u00f3n participativa, act\u00faa en la industrializaci\u00f3n y comercializaci\u00f3n de carne de cerdo, aves, l\u00e1cteos, pastas, legumbres y suplementos para la alimentaci\u00f3n animal en todo Brasil. La sustentabilidad y la calidad son parte de la esencia de Aurora Alimentos.\",\"breadcrumb\":{\"@id\":\"https:\/\/auroracoop.com.br\/es\/#breadcrumb\"},\"inLanguage\":\"pt-BR\",\"potentialAction\":[{\"@type\":\"ReadAction\",\"target\":[\"https:\/\/auroracoop.com.br\/es\/\"]}]},{\"@type\":\"BreadcrumbList\",\"@id\":\"https:\/\/auroracoop.com.br\/es\/#breadcrumb\",\"itemListElement\":[{\"@type\":\"ListItem\",\"position\":1,\"name\":\"In\u00edcio\",\"item\":\"https:\/\/auroracoop.com.br\/es\/\"},{\"@type\":\"ListItem\",\"position\":2,\"name\":\"Home\"}]},{\"@type\":\"WebSite\",\"@id\":\"https:\/\/auroracoop.com.br\/es\/#website\",\"url\":\"https:\/\/auroracoop.com.br\/es\/\",\"name\":\"Aurora Coop\",\"description\":\"Nuestra esencia est\u00e1 en las personas\",\"publisher\":{\"@id\":\"https:\/\/auroracoop.com.br\/es\/#organization\"},\"potentialAction\":[{\"@type\":\"SearchAction\",\"target\":{\"@type\":\"EntryPoint\",\"urlTemplate\":\"https:\/\/auroracoop.com.br\/es\/?s={search_term_string}\"},\"query-input\":{\"@type\":\"PropertyValueSpecification\",\"valueRequired\":true,\"valueName\":\"search_term_string\"}}],\"inLanguage\":\"pt-BR\"},{\"@type\":\"Organization\",\"@id\":\"https:\/\/auroracoop.com.br\/es\/#organization\",\"name\":\"Aurora Coop\",\"url\":\"https:\/\/auroracoop.com.br\/es\/\",\"logo\":{\"@type\":\"ImageObject\",\"inLanguage\":\"pt-BR\",\"@id\":\"https:\/\/auroracoop.com.br\/es\/#\/schema\/logo\/image\/\",\"url\":\"https:\/\/auroracoop.com.br\/es\/wp-content\/uploads\/sites\/3\/2022\/04\/logo.svg\",\"contentUrl\":\"https:\/\/auroracoop.com.br\/es\/wp-content\/uploads\/sites\/3\/2022\/04\/logo.svg\",\"width\":230,\"height\":54,\"caption\":\"Aurora Coop\"},\"image\":{\"@id\":\"https:\/\/auroracoop.com.br\/es\/#\/schema\/logo\/image\/\"}}]}<\/script>\n<!-- \/ Yoast SEO plugin. -->","yoast_head_json":{"title":"Aurora Coop | Nuestra esencia est\u00e1 en las personas","description":"Aurora Coop. La esencia de Aurora son las personas. Con gesti\u00f3n participativa, act\u00faa en la industrializaci\u00f3n y comercializaci\u00f3n de carne de cerdo, aves, l\u00e1cteos, pastas, legumbres y suplementos para la alimentaci\u00f3n animal en todo Brasil. La sustentabilidad y la calidad son parte de la esencia de Aurora Alimentos.","robots":{"index":"index","follow":"follow","max-snippet":"max-snippet:-1","max-image-preview":"max-image-preview:large","max-video-preview":"max-video-preview:-1"},"canonical":"https:\/\/auroracoop.com.br\/es\/","og_locale":"pt_BR","og_type":"article","og_title":"Aurora Coop | Nuestra esencia est\u00e1 en las personas","og_description":"Aurora Coop. La esencia de Aurora son las personas. Con gesti\u00f3n participativa, act\u00faa en la industrializaci\u00f3n y comercializaci\u00f3n de carne de cerdo, aves, l\u00e1cteos, pastas, legumbres y suplementos para la alimentaci\u00f3n animal en todo Brasil. La sustentabilidad y la calidad son parte de la esencia de Aurora Alimentos.","og_url":"https:\/\/auroracoop.com.br\/es\/","og_site_name":"Aurora Coop","article_modified_time":"2026-04-20T14:15:05+00:00","twitter_card":"summary_large_image","twitter_misc":{"Est. tempo de leitura":"5 minutos"},"schema":{"@context":"https:\/\/schema.org","@graph":[{"@type":"WebPage","@id":"https:\/\/auroracoop.com.br\/es\/","url":"https:\/\/auroracoop.com.br\/es\/","name":"Aurora Coop | Nuestra esencia est\u00e1 en las personas","isPartOf":{"@id":"https:\/\/auroracoop.com.br\/es\/#website"},"datePublished":"2021-12-15T14:26:10+00:00","dateModified":"2026-04-20T14:15:05+00:00","description":"Aurora Coop. La esencia de Aurora son las personas. Con gesti\u00f3n participativa, act\u00faa en la industrializaci\u00f3n y comercializaci\u00f3n de carne de cerdo, aves, l\u00e1cteos, pastas, legumbres y suplementos para la alimentaci\u00f3n animal en todo Brasil. La sustentabilidad y la calidad son parte de la esencia de Aurora Alimentos.","breadcrumb":{"@id":"https:\/\/auroracoop.com.br\/es\/#breadcrumb"},"inLanguage":"pt-BR","potentialAction":[{"@type":"ReadAction","target":["https:\/\/auroracoop.com.br\/es\/"]}]},{"@type":"BreadcrumbList","@id":"https:\/\/auroracoop.com.br\/es\/#breadcrumb","itemListElement":[{"@type":"ListItem","position":1,"name":"In\u00edcio","item":"https:\/\/auroracoop.com.br\/es\/"},{"@type":"ListItem","position":2,"name":"Home"}]},{"@type":"WebSite","@id":"https:\/\/auroracoop.com.br\/es\/#website","url":"https:\/\/auroracoop.com.br\/es\/","name":"Aurora Coop","description":"Nuestra esencia est\u00e1 en las personas","publisher":{"@id":"https:\/\/auroracoop.com.br\/es\/#organization"},"potentialAction":[{"@type":"SearchAction","target":{"@type":"EntryPoint","urlTemplate":"https:\/\/auroracoop.com.br\/es\/?s={search_term_string}"},"query-input":{"@type":"PropertyValueSpecification","valueRequired":true,"valueName":"search_term_string"}}],"inLanguage":"pt-BR"},{"@type":"Organization","@id":"https:\/\/auroracoop.com.br\/es\/#organization","name":"Aurora Coop","url":"https:\/\/auroracoop.com.br\/es\/","logo":{"@type":"ImageObject","inLanguage":"pt-BR","@id":"https:\/\/auroracoop.com.br\/es\/#\/schema\/logo\/image\/","url":"https:\/\/auroracoop.com.br\/es\/wp-content\/uploads\/sites\/3\/2022\/04\/logo.svg","contentUrl":"https:\/\/auroracoop.com.br\/es\/wp-content\/uploads\/sites\/3\/2022\/04\/logo.svg","width":230,"height":54,"caption":"Aurora Coop"},"image":{"@id":"https:\/\/auroracoop.com.br\/es\/#\/schema\/logo\/image\/"}}]}},"_links":{"self":[{"href":"https:\/\/auroracoop.com.br\/es\/wp-json\/wp\/v2\/pages\/6","targetHints":{"allow":["GET"]}}],"collection":[{"href":"https:\/\/auroracoop.com.br\/es\/wp-json\/wp\/v2\/pages"}],"about":[{"href":"https:\/\/auroracoop.com.br\/es\/wp-json\/wp\/v2\/types\/page"}],"author":[{"embeddable":true,"href":"https:\/\/auroracoop.com.br\/es\/wp-json\/wp\/v2\/users\/1"}],"replies":[{"embeddable":true,"href":"https:\/\/auroracoop.com.br\/es\/wp-json\/wp\/v2\/comments?post=6"}],"version-history":[{"count":45,"href":"https:\/\/auroracoop.com.br\/es\/wp-json\/wp\/v2\/pages\/6\/revisions"}],"predecessor-version":[{"id":2296,"href":"https:\/\/auroracoop.com.br\/es\/wp-json\/wp\/v2\/pages\/6\/revisions\/2296"}],"wp:attachment":[{"href":"https:\/\/auroracoop.com.br\/es\/wp-json\/wp\/v2\/media?parent=6"}],"curies":[{"name":"wp","href":"https:\/\/api.w.org\/{rel}","templated":true}]}}