{"id":655,"date":"2022-01-17T16:43:17","date_gmt":"2022-01-17T19:43:17","guid":{"rendered":"http:\/\/localhost:8888\/website-aurora-coop\/?page_id=655"},"modified":"2024-03-13T11:34:55","modified_gmt":"2024-03-13T14:34:55","slug":"bienestar-de-los-animales","status":"publish","type":"page","link":"https:\/\/auroracoop.com.br\/es\/sustentabilidad\/bienestar-de-los-animales\/","title":{"rendered":"Bienestar de los Animales"},"content":{"rendered":"\n<p>Confiamos en la excelencia de tres pilares: instalaciones dise\u00f1adas, animales y personas involucradas durante el sistema de cr\u00eda. Desde 2008, invertimos constantemente en educaci\u00f3n, mejoras en las instalaciones y procesos, adem\u00e1s de la modernizaci\u00f3n de los conceptos de producci\u00f3n, a trav\u00e9s de la creaci\u00f3n del Programa de Bienestar Animal.<br><br>Este programa monitorea y mejora todas las etapas de la cadena productiva, desde la crianza, alimentaci\u00f3n, estabulaci\u00f3n, transporte y sacrificio de los animales, adem\u00e1s de minimizar p\u00e9rdidas en los procesos productivos, contribuyendo a los compromisos de sustentabilidad de la Cooperativa.<\/p>\n","protected":false},"excerpt":{"rendered":"<p>Valoramos la seguridad y el bienestar de los involucrados en cada etapa de la cadena productiva, respetando los est\u00e1ndares de calidad brasile\u00f1os e internacionales.<\/p>\n","protected":false},"author":1,"featured_media":0,"parent":928,"menu_order":0,"comment_status":"closed","ping_status":"closed","template":"page-bem-estar.php","meta":{"footnotes":""},"class_list":["post-655","page","type-page","status-publish","hentry"],"acf":[],"yoast_head":"<!-- This site is optimized with the Yoast SEO plugin v26.8 - https:\/\/yoast.com\/product\/yoast-seo-wordpress\/ -->\n<title>Bienestar de los Animales | Aurora Coop<\/title>\n<meta name=\"robots\" content=\"index, follow, max-snippet:-1, max-image-preview:large, max-video-preview:-1\" \/>\n<link rel=\"canonical\" href=\"https:\/\/auroracoop.com.br\/es\/sustentabilidad\/bienestar-de-los-animales\/\" \/>\n<meta property=\"og:locale\" content=\"pt_BR\" \/>\n<meta property=\"og:type\" content=\"article\" \/>\n<meta property=\"og:title\" content=\"Bienestar de los Animales | Aurora Coop\" \/>\n<meta property=\"og:description\" content=\"Valoramos la seguridad y el bienestar de los involucrados en cada etapa de la cadena productiva, respetando los est\u00e1ndares de calidad brasile\u00f1os e internacionales.\" \/>\n<meta property=\"og:url\" content=\"https:\/\/auroracoop.com.br\/es\/sustentabilidad\/bienestar-de-los-animales\/\" \/>\n<meta property=\"og:site_name\" content=\"Aurora Coop\" \/>\n<meta property=\"article:modified_time\" content=\"2024-03-13T14:34:55+00:00\" \/>\n<meta name=\"twitter:card\" content=\"summary_large_image\" \/>\n<meta name=\"twitter:label1\" content=\"Est. tempo de leitura\" \/>\n\t<meta name=\"twitter:data1\" content=\"1 minuto\" \/>\n<script type=\"application\/ld+json\" class=\"yoast-schema-graph\">{\"@context\":\"https:\/\/schema.org\",\"@graph\":[{\"@type\":\"WebPage\",\"@id\":\"https:\/\/auroracoop.com.br\/es\/sustentabilidad\/bienestar-de-los-animales\/\",\"url\":\"https:\/\/auroracoop.com.br\/es\/sustentabilidad\/bienestar-de-los-animales\/\",\"name\":\"Bienestar de los Animales | Aurora Coop\",\"isPartOf\":{\"@id\":\"https:\/\/auroracoop.com.br\/es\/#website\"},\"datePublished\":\"2022-01-17T19:43:17+00:00\",\"dateModified\":\"2024-03-13T14:34:55+00:00\",\"breadcrumb\":{\"@id\":\"https:\/\/auroracoop.com.br\/es\/sustentabilidad\/bienestar-de-los-animales\/#breadcrumb\"},\"inLanguage\":\"pt-BR\",\"potentialAction\":[{\"@type\":\"ReadAction\",\"target\":[\"https:\/\/auroracoop.com.br\/es\/sustentabilidad\/bienestar-de-los-animales\/\"]}]},{\"@type\":\"BreadcrumbList\",\"@id\":\"https:\/\/auroracoop.com.br\/es\/sustentabilidad\/bienestar-de-los-animales\/#breadcrumb\",\"itemListElement\":[{\"@type\":\"ListItem\",\"position\":1,\"name\":\"In\u00edcio\",\"item\":\"https:\/\/auroracoop.com.br\/es\/\"},{\"@type\":\"ListItem\",\"position\":2,\"name\":\"Sustentabilidad\",\"item\":\"https:\/\/auroracoop.com.br\/es\/sustentabilidad\/\"},{\"@type\":\"ListItem\",\"position\":3,\"name\":\"Bienestar de los Animales\"}]},{\"@type\":\"WebSite\",\"@id\":\"https:\/\/auroracoop.com.br\/es\/#website\",\"url\":\"https:\/\/auroracoop.com.br\/es\/\",\"name\":\"Aurora Coop\",\"description\":\"Nuestra esencia est\u00e1 en las personas\",\"publisher\":{\"@id\":\"https:\/\/auroracoop.com.br\/es\/#organization\"},\"potentialAction\":[{\"@type\":\"SearchAction\",\"target\":{\"@type\":\"EntryPoint\",\"urlTemplate\":\"https:\/\/auroracoop.com.br\/es\/?s={search_term_string}\"},\"query-input\":{\"@type\":\"PropertyValueSpecification\",\"valueRequired\":true,\"valueName\":\"search_term_string\"}}],\"inLanguage\":\"pt-BR\"},{\"@type\":\"Organization\",\"@id\":\"https:\/\/auroracoop.com.br\/es\/#organization\",\"name\":\"Aurora Coop\",\"url\":\"https:\/\/auroracoop.com.br\/es\/\",\"logo\":{\"@type\":\"ImageObject\",\"inLanguage\":\"pt-BR\",\"@id\":\"https:\/\/auroracoop.com.br\/es\/#\/schema\/logo\/image\/\",\"url\":\"https:\/\/auroracoop.com.br\/es\/wp-content\/uploads\/sites\/3\/2022\/04\/logo.svg\",\"contentUrl\":\"https:\/\/auroracoop.com.br\/es\/wp-content\/uploads\/sites\/3\/2022\/04\/logo.svg\",\"width\":230,\"height\":54,\"caption\":\"Aurora Coop\"},\"image\":{\"@id\":\"https:\/\/auroracoop.com.br\/es\/#\/schema\/logo\/image\/\"}}]}<\/script>\n<!-- \/ Yoast SEO plugin. -->","yoast_head_json":{"title":"Bienestar de los Animales | Aurora Coop","robots":{"index":"index","follow":"follow","max-snippet":"max-snippet:-1","max-image-preview":"max-image-preview:large","max-video-preview":"max-video-preview:-1"},"canonical":"https:\/\/auroracoop.com.br\/es\/sustentabilidad\/bienestar-de-los-animales\/","og_locale":"pt_BR","og_type":"article","og_title":"Bienestar de los Animales | Aurora Coop","og_description":"Valoramos la seguridad y el bienestar de los involucrados en cada etapa de la cadena productiva, respetando los est\u00e1ndares de calidad brasile\u00f1os e internacionales.","og_url":"https:\/\/auroracoop.com.br\/es\/sustentabilidad\/bienestar-de-los-animales\/","og_site_name":"Aurora Coop","article_modified_time":"2024-03-13T14:34:55+00:00","twitter_card":"summary_large_image","twitter_misc":{"Est. tempo de leitura":"1 minuto"},"schema":{"@context":"https:\/\/schema.org","@graph":[{"@type":"WebPage","@id":"https:\/\/auroracoop.com.br\/es\/sustentabilidad\/bienestar-de-los-animales\/","url":"https:\/\/auroracoop.com.br\/es\/sustentabilidad\/bienestar-de-los-animales\/","name":"Bienestar de los Animales | Aurora Coop","isPartOf":{"@id":"https:\/\/auroracoop.com.br\/es\/#website"},"datePublished":"2022-01-17T19:43:17+00:00","dateModified":"2024-03-13T14:34:55+00:00","breadcrumb":{"@id":"https:\/\/auroracoop.com.br\/es\/sustentabilidad\/bienestar-de-los-animales\/#breadcrumb"},"inLanguage":"pt-BR","potentialAction":[{"@type":"ReadAction","target":["https:\/\/auroracoop.com.br\/es\/sustentabilidad\/bienestar-de-los-animales\/"]}]},{"@type":"BreadcrumbList","@id":"https:\/\/auroracoop.com.br\/es\/sustentabilidad\/bienestar-de-los-animales\/#breadcrumb","itemListElement":[{"@type":"ListItem","position":1,"name":"In\u00edcio","item":"https:\/\/auroracoop.com.br\/es\/"},{"@type":"ListItem","position":2,"name":"Sustentabilidad","item":"https:\/\/auroracoop.com.br\/es\/sustentabilidad\/"},{"@type":"ListItem","position":3,"name":"Bienestar de los Animales"}]},{"@type":"WebSite","@id":"https:\/\/auroracoop.com.br\/es\/#website","url":"https:\/\/auroracoop.com.br\/es\/","name":"Aurora Coop","description":"Nuestra esencia est\u00e1 en las personas","publisher":{"@id":"https:\/\/auroracoop.com.br\/es\/#organization"},"potentialAction":[{"@type":"SearchAction","target":{"@type":"EntryPoint","urlTemplate":"https:\/\/auroracoop.com.br\/es\/?s={search_term_string}"},"query-input":{"@type":"PropertyValueSpecification","valueRequired":true,"valueName":"search_term_string"}}],"inLanguage":"pt-BR"},{"@type":"Organization","@id":"https:\/\/auroracoop.com.br\/es\/#organization","name":"Aurora Coop","url":"https:\/\/auroracoop.com.br\/es\/","logo":{"@type":"ImageObject","inLanguage":"pt-BR","@id":"https:\/\/auroracoop.com.br\/es\/#\/schema\/logo\/image\/","url":"https:\/\/auroracoop.com.br\/es\/wp-content\/uploads\/sites\/3\/2022\/04\/logo.svg","contentUrl":"https:\/\/auroracoop.com.br\/es\/wp-content\/uploads\/sites\/3\/2022\/04\/logo.svg","width":230,"height":54,"caption":"Aurora Coop"},"image":{"@id":"https:\/\/auroracoop.com.br\/es\/#\/schema\/logo\/image\/"}}]}},"_links":{"self":[{"href":"https:\/\/auroracoop.com.br\/es\/wp-json\/wp\/v2\/pages\/655","targetHints":{"allow":["GET"]}}],"collection":[{"href":"https:\/\/auroracoop.com.br\/es\/wp-json\/wp\/v2\/pages"}],"about":[{"href":"https:\/\/auroracoop.com.br\/es\/wp-json\/wp\/v2\/types\/page"}],"author":[{"embeddable":true,"href":"https:\/\/auroracoop.com.br\/es\/wp-json\/wp\/v2\/users\/1"}],"replies":[{"embeddable":true,"href":"https:\/\/auroracoop.com.br\/es\/wp-json\/wp\/v2\/comments?post=655"}],"version-history":[{"count":9,"href":"https:\/\/auroracoop.com.br\/es\/wp-json\/wp\/v2\/pages\/655\/revisions"}],"predecessor-version":[{"id":2163,"href":"https:\/\/auroracoop.com.br\/es\/wp-json\/wp\/v2\/pages\/655\/revisions\/2163"}],"up":[{"embeddable":true,"href":"https:\/\/auroracoop.com.br\/es\/wp-json\/wp\/v2\/pages\/928"}],"wp:attachment":[{"href":"https:\/\/auroracoop.com.br\/es\/wp-json\/wp\/v2\/media?parent=655"}],"curies":[{"name":"wp","href":"https:\/\/api.w.org\/{rel}","templated":true}]}}