{"id":724,"date":"2022-01-18T11:31:02","date_gmt":"2022-01-18T14:31:02","guid":{"rendered":"http:\/\/localhost:8888\/website-aurora-coop\/?page_id=724"},"modified":"2024-07-02T10:02:40","modified_gmt":"2024-07-02T13:02:40","slug":"nuestro-posicionamiento","status":"publish","type":"page","link":"https:\/\/auroracoop.com.br\/es\/sustentabilidad\/bienestar-de-los-animales\/nuestro-posicionamiento\/","title":{"rendered":"Nuestro Posicionamiento"},"content":{"rendered":"\n<p>Creemos en la calidad, la \u00e9tica y la sustentabilidad como premisa b\u00e1sica para el desarrollo del bienestar animal, el bienestar humano y el equilibrio con el medio ambiente.<br><br>Al creer en este equilibrio humano-ambiental, Aurora Coop adopta el cooperativismo como modelo de negocio y filosof\u00eda de vida, demostrando que es posible unir lo individual y lo colectivo con el desarrollo sustentable.<br><br>Esta filosof\u00eda es la base de las acciones y procedimientos adoptados por la Cooperativa en relaci\u00f3n con el bienestar de los animales involucrados en su sistema de producci\u00f3n.<br><br>De manera responsable y \u00e9tica, creemos que cualquier acci\u00f3n o pol\u00edtica adoptada para el bienestar animal debe estar siempre basada en las libertades fundamentales de los animales, refiri\u00e9ndonos aqu\u00ed a Welfare Quality\u00ae, instituci\u00f3n reconocida internacionalmente por su experiencia en el tema.<\/p>\n\n\n\n<p><strong>&#8220;Aurora Coop reconoce a los animales como seres sintientes, capaces de sentir conscientemente las sensaciones m\u00e1s b\u00e1sicas y de tener experiencias positivas y negativas&#8221;.<\/strong><\/p>\n\n\n\n<h3 class=\"wp-block-heading\">Pol\u00edtica de Bienestar Animal<\/h3>\n\n\n\n<p>En Aurora Coop, los principios fundamentales de Bienestar Animal adoptados se basan en el protocolo Welfare Quality\u00ae, que es la base del Programa de Bienestar Animal de Aurora Coop.<\/p>\n\n\n\n<p>Aurora Coop adopta un enfoque de <strong>Tolerancia Cero<\/strong> ante el maltrato animal, ya sea por abuso, negligencia o cualquier otra acci\u00f3n que atente contra los principios fundamentales de los animales.<\/p>\n\n\n\n<h3 class=\"wp-block-heading\">Objetivo<\/h3>\n\n\n\n<p>Proporcionar un trato adecuado a los animales, con respeto, \u00e9tica y cuidado;<\/p>\n\n\n\n<p>Considerar las necesidades f\u00edsicas y psicol\u00f3gicas de los animales, seg\u00fan la especie;<\/p>\n\n\n\n<p>Promover la salud y la calidad de vida de los animales y de las personas involucradas en el sistema de producci\u00f3n.<\/p>\n","protected":false},"excerpt":{"rendered":"<p>Calidad, \u00e9tica y sustentabilidad.<\/p>\n","protected":false},"author":1,"featured_media":0,"parent":655,"menu_order":0,"comment_status":"closed","ping_status":"closed","template":"page-posicionamento.php","meta":{"footnotes":""},"class_list":["post-724","page","type-page","status-publish","hentry"],"acf":[],"yoast_head":"<!-- This site is optimized with the Yoast SEO plugin v26.8 - https:\/\/yoast.com\/product\/yoast-seo-wordpress\/ -->\n<title>Nuestro Posicionamiento | Aurora Coop<\/title>\n<meta name=\"robots\" content=\"index, follow, max-snippet:-1, max-image-preview:large, max-video-preview:-1\" \/>\n<link rel=\"canonical\" href=\"https:\/\/auroracoop.com.br\/es\/sustentabilidad\/bienestar-de-los-animales\/nuestro-posicionamiento\/\" \/>\n<meta property=\"og:locale\" content=\"pt_BR\" \/>\n<meta property=\"og:type\" content=\"article\" \/>\n<meta property=\"og:title\" content=\"Nuestro Posicionamiento | Aurora Coop\" \/>\n<meta property=\"og:description\" content=\"Calidad, \u00e9tica y sustentabilidad.\" \/>\n<meta property=\"og:url\" content=\"https:\/\/auroracoop.com.br\/es\/sustentabilidad\/bienestar-de-los-animales\/nuestro-posicionamiento\/\" \/>\n<meta property=\"og:site_name\" content=\"Aurora Coop\" \/>\n<meta property=\"article:modified_time\" content=\"2024-07-02T13:02:40+00:00\" \/>\n<meta name=\"twitter:card\" content=\"summary_large_image\" \/>\n<meta name=\"twitter:label1\" content=\"Est. tempo de leitura\" \/>\n\t<meta name=\"twitter:data1\" content=\"2 minutos\" \/>\n<script type=\"application\/ld+json\" class=\"yoast-schema-graph\">{\"@context\":\"https:\/\/schema.org\",\"@graph\":[{\"@type\":\"WebPage\",\"@id\":\"https:\/\/auroracoop.com.br\/es\/sustentabilidad\/bienestar-de-los-animales\/nuestro-posicionamiento\/\",\"url\":\"https:\/\/auroracoop.com.br\/es\/sustentabilidad\/bienestar-de-los-animales\/nuestro-posicionamiento\/\",\"name\":\"Nuestro Posicionamiento | Aurora Coop\",\"isPartOf\":{\"@id\":\"https:\/\/auroracoop.com.br\/es\/#website\"},\"datePublished\":\"2022-01-18T14:31:02+00:00\",\"dateModified\":\"2024-07-02T13:02:40+00:00\",\"breadcrumb\":{\"@id\":\"https:\/\/auroracoop.com.br\/es\/sustentabilidad\/bienestar-de-los-animales\/nuestro-posicionamiento\/#breadcrumb\"},\"inLanguage\":\"pt-BR\",\"potentialAction\":[{\"@type\":\"ReadAction\",\"target\":[\"https:\/\/auroracoop.com.br\/es\/sustentabilidad\/bienestar-de-los-animales\/nuestro-posicionamiento\/\"]}]},{\"@type\":\"BreadcrumbList\",\"@id\":\"https:\/\/auroracoop.com.br\/es\/sustentabilidad\/bienestar-de-los-animales\/nuestro-posicionamiento\/#breadcrumb\",\"itemListElement\":[{\"@type\":\"ListItem\",\"position\":1,\"name\":\"In\u00edcio\",\"item\":\"https:\/\/auroracoop.com.br\/es\/\"},{\"@type\":\"ListItem\",\"position\":2,\"name\":\"Sustentabilidad\",\"item\":\"https:\/\/auroracoop.com.br\/es\/sustentabilidad\/\"},{\"@type\":\"ListItem\",\"position\":3,\"name\":\"Bienestar de los Animales\",\"item\":\"https:\/\/auroracoop.com.br\/es\/sustentabilidad\/bienestar-de-los-animales\/\"},{\"@type\":\"ListItem\",\"position\":4,\"name\":\"Nuestro Posicionamiento\"}]},{\"@type\":\"WebSite\",\"@id\":\"https:\/\/auroracoop.com.br\/es\/#website\",\"url\":\"https:\/\/auroracoop.com.br\/es\/\",\"name\":\"Aurora Coop\",\"description\":\"Nuestra esencia est\u00e1 en las personas\",\"publisher\":{\"@id\":\"https:\/\/auroracoop.com.br\/es\/#organization\"},\"potentialAction\":[{\"@type\":\"SearchAction\",\"target\":{\"@type\":\"EntryPoint\",\"urlTemplate\":\"https:\/\/auroracoop.com.br\/es\/?s={search_term_string}\"},\"query-input\":{\"@type\":\"PropertyValueSpecification\",\"valueRequired\":true,\"valueName\":\"search_term_string\"}}],\"inLanguage\":\"pt-BR\"},{\"@type\":\"Organization\",\"@id\":\"https:\/\/auroracoop.com.br\/es\/#organization\",\"name\":\"Aurora Coop\",\"url\":\"https:\/\/auroracoop.com.br\/es\/\",\"logo\":{\"@type\":\"ImageObject\",\"inLanguage\":\"pt-BR\",\"@id\":\"https:\/\/auroracoop.com.br\/es\/#\/schema\/logo\/image\/\",\"url\":\"https:\/\/auroracoop.com.br\/es\/wp-content\/uploads\/sites\/3\/2022\/04\/logo.svg\",\"contentUrl\":\"https:\/\/auroracoop.com.br\/es\/wp-content\/uploads\/sites\/3\/2022\/04\/logo.svg\",\"width\":230,\"height\":54,\"caption\":\"Aurora Coop\"},\"image\":{\"@id\":\"https:\/\/auroracoop.com.br\/es\/#\/schema\/logo\/image\/\"}}]}<\/script>\n<!-- \/ Yoast SEO plugin. -->","yoast_head_json":{"title":"Nuestro Posicionamiento | Aurora Coop","robots":{"index":"index","follow":"follow","max-snippet":"max-snippet:-1","max-image-preview":"max-image-preview:large","max-video-preview":"max-video-preview:-1"},"canonical":"https:\/\/auroracoop.com.br\/es\/sustentabilidad\/bienestar-de-los-animales\/nuestro-posicionamiento\/","og_locale":"pt_BR","og_type":"article","og_title":"Nuestro Posicionamiento | Aurora Coop","og_description":"Calidad, \u00e9tica y sustentabilidad.","og_url":"https:\/\/auroracoop.com.br\/es\/sustentabilidad\/bienestar-de-los-animales\/nuestro-posicionamiento\/","og_site_name":"Aurora Coop","article_modified_time":"2024-07-02T13:02:40+00:00","twitter_card":"summary_large_image","twitter_misc":{"Est. tempo de leitura":"2 minutos"},"schema":{"@context":"https:\/\/schema.org","@graph":[{"@type":"WebPage","@id":"https:\/\/auroracoop.com.br\/es\/sustentabilidad\/bienestar-de-los-animales\/nuestro-posicionamiento\/","url":"https:\/\/auroracoop.com.br\/es\/sustentabilidad\/bienestar-de-los-animales\/nuestro-posicionamiento\/","name":"Nuestro Posicionamiento | Aurora Coop","isPartOf":{"@id":"https:\/\/auroracoop.com.br\/es\/#website"},"datePublished":"2022-01-18T14:31:02+00:00","dateModified":"2024-07-02T13:02:40+00:00","breadcrumb":{"@id":"https:\/\/auroracoop.com.br\/es\/sustentabilidad\/bienestar-de-los-animales\/nuestro-posicionamiento\/#breadcrumb"},"inLanguage":"pt-BR","potentialAction":[{"@type":"ReadAction","target":["https:\/\/auroracoop.com.br\/es\/sustentabilidad\/bienestar-de-los-animales\/nuestro-posicionamiento\/"]}]},{"@type":"BreadcrumbList","@id":"https:\/\/auroracoop.com.br\/es\/sustentabilidad\/bienestar-de-los-animales\/nuestro-posicionamiento\/#breadcrumb","itemListElement":[{"@type":"ListItem","position":1,"name":"In\u00edcio","item":"https:\/\/auroracoop.com.br\/es\/"},{"@type":"ListItem","position":2,"name":"Sustentabilidad","item":"https:\/\/auroracoop.com.br\/es\/sustentabilidad\/"},{"@type":"ListItem","position":3,"name":"Bienestar de los Animales","item":"https:\/\/auroracoop.com.br\/es\/sustentabilidad\/bienestar-de-los-animales\/"},{"@type":"ListItem","position":4,"name":"Nuestro Posicionamiento"}]},{"@type":"WebSite","@id":"https:\/\/auroracoop.com.br\/es\/#website","url":"https:\/\/auroracoop.com.br\/es\/","name":"Aurora Coop","description":"Nuestra esencia est\u00e1 en las personas","publisher":{"@id":"https:\/\/auroracoop.com.br\/es\/#organization"},"potentialAction":[{"@type":"SearchAction","target":{"@type":"EntryPoint","urlTemplate":"https:\/\/auroracoop.com.br\/es\/?s={search_term_string}"},"query-input":{"@type":"PropertyValueSpecification","valueRequired":true,"valueName":"search_term_string"}}],"inLanguage":"pt-BR"},{"@type":"Organization","@id":"https:\/\/auroracoop.com.br\/es\/#organization","name":"Aurora Coop","url":"https:\/\/auroracoop.com.br\/es\/","logo":{"@type":"ImageObject","inLanguage":"pt-BR","@id":"https:\/\/auroracoop.com.br\/es\/#\/schema\/logo\/image\/","url":"https:\/\/auroracoop.com.br\/es\/wp-content\/uploads\/sites\/3\/2022\/04\/logo.svg","contentUrl":"https:\/\/auroracoop.com.br\/es\/wp-content\/uploads\/sites\/3\/2022\/04\/logo.svg","width":230,"height":54,"caption":"Aurora Coop"},"image":{"@id":"https:\/\/auroracoop.com.br\/es\/#\/schema\/logo\/image\/"}}]}},"_links":{"self":[{"href":"https:\/\/auroracoop.com.br\/es\/wp-json\/wp\/v2\/pages\/724","targetHints":{"allow":["GET"]}}],"collection":[{"href":"https:\/\/auroracoop.com.br\/es\/wp-json\/wp\/v2\/pages"}],"about":[{"href":"https:\/\/auroracoop.com.br\/es\/wp-json\/wp\/v2\/types\/page"}],"author":[{"embeddable":true,"href":"https:\/\/auroracoop.com.br\/es\/wp-json\/wp\/v2\/users\/1"}],"replies":[{"embeddable":true,"href":"https:\/\/auroracoop.com.br\/es\/wp-json\/wp\/v2\/comments?post=724"}],"version-history":[{"count":17,"href":"https:\/\/auroracoop.com.br\/es\/wp-json\/wp\/v2\/pages\/724\/revisions"}],"predecessor-version":[{"id":2180,"href":"https:\/\/auroracoop.com.br\/es\/wp-json\/wp\/v2\/pages\/724\/revisions\/2180"}],"up":[{"embeddable":true,"href":"https:\/\/auroracoop.com.br\/es\/wp-json\/wp\/v2\/pages\/655"}],"wp:attachment":[{"href":"https:\/\/auroracoop.com.br\/es\/wp-json\/wp\/v2\/media?parent=724"}],"curies":[{"name":"wp","href":"https:\/\/api.w.org\/{rel}","templated":true}]}}