{"id":820,"date":"2022-01-18T16:22:25","date_gmt":"2022-01-18T19:22:25","guid":{"rendered":"http:\/\/localhost:8888\/website-aurora-coop\/?page_id=820"},"modified":"2024-03-08T11:48:19","modified_gmt":"2024-03-08T14:48:19","slug":"programa-de-sacrificio-humanitario","status":"publish","type":"page","link":"https:\/\/auroracoop.com.br\/es\/sustentabilidad\/bienestar-de-los-animales\/programa-de-sacrificio-humanitario\/","title":{"rendered":"Programa de Sacrificio Humanitario"},"content":{"rendered":"\n<h4 class=\"wp-block-heading\">Aurora Coop es una de las primeras empresas brasile\u00f1as en adherirse al Programa Nacional de Sacrificio Humanitario reconocido por el Ministerio de Agricultura, Pecuaria y Abastecimiento (MAPA) y la Organizaci\u00f3n Protectora de Animales (WAP).<\/h4>\n\n\n\n<h4 class=\"wp-block-heading\"><strong>Unidades de refrigeraci\u00f3n<\/strong><\/h4>\n\n\n\n<h4 class=\"wp-block-heading\">El 100% de nuestros animales son aturdidos antes del sacrificio en las Unidades Frigor\u00edficas.<\/h4>\n\n\n\n<p>Seguimos los preceptos de bienestar animal y adoptamos las premisas del Programa de Sacrificio Humanitario. Por esto, todas las Unidades Frigor\u00edficas cuentan con una infraestructura adecuada para el confort de los animales.<br><br>Cada una de las unidades cuenta con un \u00e1rea de espera con mecanismos para controlar el ambiente, adem\u00e1s de techos sombreados estructuralmente planificados para asegurar la circulaci\u00f3n del aire.<br><br>En el caso de las <strong>aves<\/strong>, las unidades cuentan con mecanismos de rociadores y ventilaci\u00f3n. Para los cerdos se cuenta con una infraestructura adecuada con pisos antideslizantes y se realiza limpieza en cada cambio de lote. Tanto para aves como para cerdos se respetan las densidades para que los animales puedan moverse, tumbarse y moverse con soltura..<br><br>Para reforzar nuestra preocupaci\u00f3n y la seriedad con la que hemos adoptado los principios del Programa, en 2019 y 2020, adquirimos el Aturdidor Porcino de Emergencia para unidades frigor\u00edficas, aprobado por el MAPA, para en casos de carga viva, realizar la eutanasia sin dolor y sufrimiento para los animales.<br><br>Nuestro Aturdidor de Emergencia tiene un grado de protecci\u00f3n IP42, adecuado a los est\u00e1ndares NR-10, cumpliendo con los requisitos de la comunidad Europea y los requisitos de bienestar animal.<br><br>Adem\u00e1s, por respeto a los mercados con los que mantenemos relaciones, y de acuerdo con las diferentes culturas y religiones, hemos adoptado las directrices Halal para el sacrificio. Espec\u00edficamente para este mercado, las aves son aturdidas antes del sacrificio, de acuerdo con las certificadoras que certifican la idoneidad del proceso, es decir, que los animales estaban vivos en el momento de la sangr\u00eda.<\/p>\n","protected":false},"excerpt":{"rendered":"<p>Un programa reconocido por MAPA y WAP.<\/p>\n","protected":false},"author":1,"featured_media":0,"parent":655,"menu_order":0,"comment_status":"closed","ping_status":"closed","template":"page-abate-humanitario.php","meta":{"footnotes":""},"class_list":["post-820","page","type-page","status-publish","hentry"],"acf":[],"yoast_head":"<!-- This site is optimized with the Yoast SEO plugin v26.8 - https:\/\/yoast.com\/product\/yoast-seo-wordpress\/ -->\n<title>Programa de Sacrificio Humanitario | Aurora Coop<\/title>\n<meta name=\"robots\" content=\"index, follow, max-snippet:-1, max-image-preview:large, max-video-preview:-1\" \/>\n<link rel=\"canonical\" href=\"https:\/\/auroracoop.com.br\/es\/sustentabilidad\/bienestar-de-los-animales\/programa-de-sacrificio-humanitario\/\" \/>\n<meta property=\"og:locale\" content=\"pt_BR\" \/>\n<meta property=\"og:type\" content=\"article\" \/>\n<meta property=\"og:title\" content=\"Programa de Sacrificio Humanitario | Aurora Coop\" \/>\n<meta property=\"og:description\" content=\"Un programa reconocido por MAPA y WAP.\" \/>\n<meta property=\"og:url\" content=\"https:\/\/auroracoop.com.br\/es\/sustentabilidad\/bienestar-de-los-animales\/programa-de-sacrificio-humanitario\/\" \/>\n<meta property=\"og:site_name\" content=\"Aurora Coop\" \/>\n<meta property=\"article:modified_time\" content=\"2024-03-08T14:48:19+00:00\" \/>\n<meta name=\"twitter:card\" content=\"summary_large_image\" \/>\n<meta name=\"twitter:label1\" content=\"Est. tempo de leitura\" \/>\n\t<meta name=\"twitter:data1\" content=\"2 minutos\" \/>\n<script type=\"application\/ld+json\" class=\"yoast-schema-graph\">{\"@context\":\"https:\/\/schema.org\",\"@graph\":[{\"@type\":\"WebPage\",\"@id\":\"https:\/\/auroracoop.com.br\/es\/sustentabilidad\/bienestar-de-los-animales\/programa-de-sacrificio-humanitario\/\",\"url\":\"https:\/\/auroracoop.com.br\/es\/sustentabilidad\/bienestar-de-los-animales\/programa-de-sacrificio-humanitario\/\",\"name\":\"Programa de Sacrificio Humanitario | Aurora Coop\",\"isPartOf\":{\"@id\":\"https:\/\/auroracoop.com.br\/es\/#website\"},\"datePublished\":\"2022-01-18T19:22:25+00:00\",\"dateModified\":\"2024-03-08T14:48:19+00:00\",\"breadcrumb\":{\"@id\":\"https:\/\/auroracoop.com.br\/es\/sustentabilidad\/bienestar-de-los-animales\/programa-de-sacrificio-humanitario\/#breadcrumb\"},\"inLanguage\":\"pt-BR\",\"potentialAction\":[{\"@type\":\"ReadAction\",\"target\":[\"https:\/\/auroracoop.com.br\/es\/sustentabilidad\/bienestar-de-los-animales\/programa-de-sacrificio-humanitario\/\"]}]},{\"@type\":\"BreadcrumbList\",\"@id\":\"https:\/\/auroracoop.com.br\/es\/sustentabilidad\/bienestar-de-los-animales\/programa-de-sacrificio-humanitario\/#breadcrumb\",\"itemListElement\":[{\"@type\":\"ListItem\",\"position\":1,\"name\":\"In\u00edcio\",\"item\":\"https:\/\/auroracoop.com.br\/es\/\"},{\"@type\":\"ListItem\",\"position\":2,\"name\":\"Sustentabilidad\",\"item\":\"https:\/\/auroracoop.com.br\/es\/sustentabilidad\/\"},{\"@type\":\"ListItem\",\"position\":3,\"name\":\"Bienestar de los Animales\",\"item\":\"https:\/\/auroracoop.com.br\/es\/sustentabilidad\/bienestar-de-los-animales\/\"},{\"@type\":\"ListItem\",\"position\":4,\"name\":\"Programa de Sacrificio Humanitario\"}]},{\"@type\":\"WebSite\",\"@id\":\"https:\/\/auroracoop.com.br\/es\/#website\",\"url\":\"https:\/\/auroracoop.com.br\/es\/\",\"name\":\"Aurora Coop\",\"description\":\"Nuestra esencia est\u00e1 en las personas\",\"publisher\":{\"@id\":\"https:\/\/auroracoop.com.br\/es\/#organization\"},\"potentialAction\":[{\"@type\":\"SearchAction\",\"target\":{\"@type\":\"EntryPoint\",\"urlTemplate\":\"https:\/\/auroracoop.com.br\/es\/?s={search_term_string}\"},\"query-input\":{\"@type\":\"PropertyValueSpecification\",\"valueRequired\":true,\"valueName\":\"search_term_string\"}}],\"inLanguage\":\"pt-BR\"},{\"@type\":\"Organization\",\"@id\":\"https:\/\/auroracoop.com.br\/es\/#organization\",\"name\":\"Aurora Coop\",\"url\":\"https:\/\/auroracoop.com.br\/es\/\",\"logo\":{\"@type\":\"ImageObject\",\"inLanguage\":\"pt-BR\",\"@id\":\"https:\/\/auroracoop.com.br\/es\/#\/schema\/logo\/image\/\",\"url\":\"https:\/\/auroracoop.com.br\/es\/wp-content\/uploads\/sites\/3\/2022\/04\/logo.svg\",\"contentUrl\":\"https:\/\/auroracoop.com.br\/es\/wp-content\/uploads\/sites\/3\/2022\/04\/logo.svg\",\"width\":230,\"height\":54,\"caption\":\"Aurora Coop\"},\"image\":{\"@id\":\"https:\/\/auroracoop.com.br\/es\/#\/schema\/logo\/image\/\"}}]}<\/script>\n<!-- \/ Yoast SEO plugin. -->","yoast_head_json":{"title":"Programa de Sacrificio Humanitario | Aurora Coop","robots":{"index":"index","follow":"follow","max-snippet":"max-snippet:-1","max-image-preview":"max-image-preview:large","max-video-preview":"max-video-preview:-1"},"canonical":"https:\/\/auroracoop.com.br\/es\/sustentabilidad\/bienestar-de-los-animales\/programa-de-sacrificio-humanitario\/","og_locale":"pt_BR","og_type":"article","og_title":"Programa de Sacrificio Humanitario | Aurora Coop","og_description":"Un programa reconocido por MAPA y WAP.","og_url":"https:\/\/auroracoop.com.br\/es\/sustentabilidad\/bienestar-de-los-animales\/programa-de-sacrificio-humanitario\/","og_site_name":"Aurora Coop","article_modified_time":"2024-03-08T14:48:19+00:00","twitter_card":"summary_large_image","twitter_misc":{"Est. tempo de leitura":"2 minutos"},"schema":{"@context":"https:\/\/schema.org","@graph":[{"@type":"WebPage","@id":"https:\/\/auroracoop.com.br\/es\/sustentabilidad\/bienestar-de-los-animales\/programa-de-sacrificio-humanitario\/","url":"https:\/\/auroracoop.com.br\/es\/sustentabilidad\/bienestar-de-los-animales\/programa-de-sacrificio-humanitario\/","name":"Programa de Sacrificio Humanitario | Aurora Coop","isPartOf":{"@id":"https:\/\/auroracoop.com.br\/es\/#website"},"datePublished":"2022-01-18T19:22:25+00:00","dateModified":"2024-03-08T14:48:19+00:00","breadcrumb":{"@id":"https:\/\/auroracoop.com.br\/es\/sustentabilidad\/bienestar-de-los-animales\/programa-de-sacrificio-humanitario\/#breadcrumb"},"inLanguage":"pt-BR","potentialAction":[{"@type":"ReadAction","target":["https:\/\/auroracoop.com.br\/es\/sustentabilidad\/bienestar-de-los-animales\/programa-de-sacrificio-humanitario\/"]}]},{"@type":"BreadcrumbList","@id":"https:\/\/auroracoop.com.br\/es\/sustentabilidad\/bienestar-de-los-animales\/programa-de-sacrificio-humanitario\/#breadcrumb","itemListElement":[{"@type":"ListItem","position":1,"name":"In\u00edcio","item":"https:\/\/auroracoop.com.br\/es\/"},{"@type":"ListItem","position":2,"name":"Sustentabilidad","item":"https:\/\/auroracoop.com.br\/es\/sustentabilidad\/"},{"@type":"ListItem","position":3,"name":"Bienestar de los Animales","item":"https:\/\/auroracoop.com.br\/es\/sustentabilidad\/bienestar-de-los-animales\/"},{"@type":"ListItem","position":4,"name":"Programa de Sacrificio Humanitario"}]},{"@type":"WebSite","@id":"https:\/\/auroracoop.com.br\/es\/#website","url":"https:\/\/auroracoop.com.br\/es\/","name":"Aurora Coop","description":"Nuestra esencia est\u00e1 en las personas","publisher":{"@id":"https:\/\/auroracoop.com.br\/es\/#organization"},"potentialAction":[{"@type":"SearchAction","target":{"@type":"EntryPoint","urlTemplate":"https:\/\/auroracoop.com.br\/es\/?s={search_term_string}"},"query-input":{"@type":"PropertyValueSpecification","valueRequired":true,"valueName":"search_term_string"}}],"inLanguage":"pt-BR"},{"@type":"Organization","@id":"https:\/\/auroracoop.com.br\/es\/#organization","name":"Aurora Coop","url":"https:\/\/auroracoop.com.br\/es\/","logo":{"@type":"ImageObject","inLanguage":"pt-BR","@id":"https:\/\/auroracoop.com.br\/es\/#\/schema\/logo\/image\/","url":"https:\/\/auroracoop.com.br\/es\/wp-content\/uploads\/sites\/3\/2022\/04\/logo.svg","contentUrl":"https:\/\/auroracoop.com.br\/es\/wp-content\/uploads\/sites\/3\/2022\/04\/logo.svg","width":230,"height":54,"caption":"Aurora Coop"},"image":{"@id":"https:\/\/auroracoop.com.br\/es\/#\/schema\/logo\/image\/"}}]}},"_links":{"self":[{"href":"https:\/\/auroracoop.com.br\/es\/wp-json\/wp\/v2\/pages\/820","targetHints":{"allow":["GET"]}}],"collection":[{"href":"https:\/\/auroracoop.com.br\/es\/wp-json\/wp\/v2\/pages"}],"about":[{"href":"https:\/\/auroracoop.com.br\/es\/wp-json\/wp\/v2\/types\/page"}],"author":[{"embeddable":true,"href":"https:\/\/auroracoop.com.br\/es\/wp-json\/wp\/v2\/users\/1"}],"replies":[{"embeddable":true,"href":"https:\/\/auroracoop.com.br\/es\/wp-json\/wp\/v2\/comments?post=820"}],"version-history":[{"count":6,"href":"https:\/\/auroracoop.com.br\/es\/wp-json\/wp\/v2\/pages\/820\/revisions"}],"predecessor-version":[{"id":2162,"href":"https:\/\/auroracoop.com.br\/es\/wp-json\/wp\/v2\/pages\/820\/revisions\/2162"}],"up":[{"embeddable":true,"href":"https:\/\/auroracoop.com.br\/es\/wp-json\/wp\/v2\/pages\/655"}],"wp:attachment":[{"href":"https:\/\/auroracoop.com.br\/es\/wp-json\/wp\/v2\/media?parent=820"}],"curies":[{"name":"wp","href":"https:\/\/api.w.org\/{rel}","templated":true}]}}