{"id":855,"date":"2022-01-18T17:40:11","date_gmt":"2022-01-18T20:40:11","guid":{"rendered":"http:\/\/localhost:8888\/website-aurora-coop\/?page_id=855"},"modified":"2022-11-17T13:51:23","modified_gmt":"2022-11-17T16:51:23","slug":"fundacion-aury-luiz-bodanese","status":"publish","type":"page","link":"https:\/\/auroracoop.com.br\/es\/sustentabilidad\/fundacion-aury-luiz-bodanese\/","title":{"rendered":"Fundaci\u00f3n Aury Luiz Bodanese"},"content":{"rendered":"\n<div class=\"wp-block-image\"><figure class=\"aligncenter size-full is-resized\"><img loading=\"lazy\" decoding=\"async\" src=\"https:\/\/auroracoop.com.br\/es\/wp-content\/uploads\/sites\/3\/2022\/04\/FALB.png\" alt=\"FALB\" class=\"wp-image-1899\" width=\"293\" height=\"264\" srcset=\"https:\/\/auroracoop.com.br\/es\/wp-content\/uploads\/sites\/3\/2022\/04\/FALB.png 1173w, https:\/\/auroracoop.com.br\/es\/wp-content\/uploads\/sites\/3\/2022\/04\/FALB-300x270.png 300w, https:\/\/auroracoop.com.br\/es\/wp-content\/uploads\/sites\/3\/2022\/04\/FALB-1024x920.png 1024w, https:\/\/auroracoop.com.br\/es\/wp-content\/uploads\/sites\/3\/2022\/04\/FALB-768x690.png 768w\" sizes=\"auto, (max-width: 293px) 100vw, 293px\" \/><\/figure><\/div>\n\n\n\n<p>Creemos que conectarnos con las comunidades y promover el desarrollo sostenible genera un sano crecimiento econ\u00f3mico y social, que redunda en la construcci\u00f3n de una sociedad mucho mejor.<br><br>Con base en este principio, Aurora Coop instituy\u00f3 y mantiene, desde 2008, la Fundaci\u00f3n Aury Luiz Bodanese (FALB). Es una entidad social sin fines de lucro que desarrolla acciones socioambientales en el \u00e1mbito de actuaci\u00f3n de la Cooperativa.<br><br>Con la misi\u00f3n de \u201cValorar al ser humano y contribuir al ejercicio de la ciudadan\u00eda\u201d y la visi\u00f3n de \u201cSer un referente en acciones que promuevan la sustentabilidad y el cooperativismo\u201d, el trabajo que realiza la Fundaci\u00f3n se traduce en un marco de pr\u00e1cticas solidarias y de valorizaci\u00f3n de la gente. Por esto, la organizaci\u00f3n cuenta con el reconocimiento de la sociedad en sus m\u00e1s diversos segmentos.<br><br>Despu\u00e9s de una d\u00e9cada de operaciones, la Funda\u00e7\u00e3o Aury Luiz Bodanese ya desarroll\u00f3 acciones socioambientales que impactaron a millones de personas, con la participaci\u00f3n de miles de voluntarios. Estas actividades se realizan a trav\u00e9s de algunos programas. Conozca aqu\u00ed las acciones que la Fundaci\u00f3n desarrolla.<\/p>\n","protected":false},"excerpt":{"rendered":"<p>Valora al ser humano y contribuye al ejercicio de la ciudadan\u00eda.<\/p>\n","protected":false},"author":1,"featured_media":0,"parent":928,"menu_order":0,"comment_status":"closed","ping_status":"closed","template":"page-fundacao.php","meta":{"footnotes":""},"class_list":["post-855","page","type-page","status-publish","hentry"],"acf":[],"yoast_head":"<!-- This site is optimized with the Yoast SEO plugin v26.8 - https:\/\/yoast.com\/product\/yoast-seo-wordpress\/ -->\n<title>Fundaci\u00f3n Aury Luiz Bodanese | Aurora Coop<\/title>\n<meta name=\"robots\" content=\"index, follow, max-snippet:-1, max-image-preview:large, max-video-preview:-1\" \/>\n<link rel=\"canonical\" href=\"https:\/\/auroracoop.com.br\/es\/sustentabilidad\/fundacion-aury-luiz-bodanese\/\" \/>\n<meta property=\"og:locale\" content=\"pt_BR\" \/>\n<meta property=\"og:type\" content=\"article\" \/>\n<meta property=\"og:title\" content=\"Fundaci\u00f3n Aury Luiz Bodanese | Aurora Coop\" \/>\n<meta property=\"og:description\" content=\"Valora al ser humano y contribuye al ejercicio de la ciudadan\u00eda.\" \/>\n<meta property=\"og:url\" content=\"https:\/\/auroracoop.com.br\/es\/sustentabilidad\/fundacion-aury-luiz-bodanese\/\" \/>\n<meta property=\"og:site_name\" content=\"Aurora Coop\" \/>\n<meta property=\"article:modified_time\" content=\"2022-11-17T16:51:23+00:00\" \/>\n<meta property=\"og:image\" content=\"https:\/\/auroracoop.com.br\/es\/wp-content\/uploads\/sites\/3\/2022\/04\/FALB.png\" \/>\n<meta name=\"twitter:card\" content=\"summary_large_image\" \/>\n<meta name=\"twitter:label1\" content=\"Est. tempo de leitura\" \/>\n\t<meta name=\"twitter:data1\" content=\"2 minutos\" \/>\n<script type=\"application\/ld+json\" class=\"yoast-schema-graph\">{\"@context\":\"https:\/\/schema.org\",\"@graph\":[{\"@type\":\"WebPage\",\"@id\":\"https:\/\/auroracoop.com.br\/es\/sustentabilidad\/fundacion-aury-luiz-bodanese\/\",\"url\":\"https:\/\/auroracoop.com.br\/es\/sustentabilidad\/fundacion-aury-luiz-bodanese\/\",\"name\":\"Fundaci\u00f3n Aury Luiz Bodanese | Aurora Coop\",\"isPartOf\":{\"@id\":\"https:\/\/auroracoop.com.br\/es\/#website\"},\"primaryImageOfPage\":{\"@id\":\"https:\/\/auroracoop.com.br\/es\/sustentabilidad\/fundacion-aury-luiz-bodanese\/#primaryimage\"},\"image\":{\"@id\":\"https:\/\/auroracoop.com.br\/es\/sustentabilidad\/fundacion-aury-luiz-bodanese\/#primaryimage\"},\"thumbnailUrl\":\"https:\/\/auroracoop.com.br\/es\/wp-content\/uploads\/sites\/3\/2022\/04\/FALB.png\",\"datePublished\":\"2022-01-18T20:40:11+00:00\",\"dateModified\":\"2022-11-17T16:51:23+00:00\",\"breadcrumb\":{\"@id\":\"https:\/\/auroracoop.com.br\/es\/sustentabilidad\/fundacion-aury-luiz-bodanese\/#breadcrumb\"},\"inLanguage\":\"pt-BR\",\"potentialAction\":[{\"@type\":\"ReadAction\",\"target\":[\"https:\/\/auroracoop.com.br\/es\/sustentabilidad\/fundacion-aury-luiz-bodanese\/\"]}]},{\"@type\":\"ImageObject\",\"inLanguage\":\"pt-BR\",\"@id\":\"https:\/\/auroracoop.com.br\/es\/sustentabilidad\/fundacion-aury-luiz-bodanese\/#primaryimage\",\"url\":\"https:\/\/auroracoop.com.br\/es\/wp-content\/uploads\/sites\/3\/2022\/04\/FALB.png\",\"contentUrl\":\"https:\/\/auroracoop.com.br\/es\/wp-content\/uploads\/sites\/3\/2022\/04\/FALB.png\",\"width\":1173,\"height\":1054,\"caption\":\"FALB\"},{\"@type\":\"BreadcrumbList\",\"@id\":\"https:\/\/auroracoop.com.br\/es\/sustentabilidad\/fundacion-aury-luiz-bodanese\/#breadcrumb\",\"itemListElement\":[{\"@type\":\"ListItem\",\"position\":1,\"name\":\"In\u00edcio\",\"item\":\"https:\/\/auroracoop.com.br\/es\/\"},{\"@type\":\"ListItem\",\"position\":2,\"name\":\"Sustentabilidad\",\"item\":\"https:\/\/auroracoop.com.br\/es\/sustentabilidad\/\"},{\"@type\":\"ListItem\",\"position\":3,\"name\":\"Fundaci\u00f3n Aury Luiz Bodanese\"}]},{\"@type\":\"WebSite\",\"@id\":\"https:\/\/auroracoop.com.br\/es\/#website\",\"url\":\"https:\/\/auroracoop.com.br\/es\/\",\"name\":\"Aurora Coop\",\"description\":\"Nuestra esencia est\u00e1 en las personas\",\"publisher\":{\"@id\":\"https:\/\/auroracoop.com.br\/es\/#organization\"},\"potentialAction\":[{\"@type\":\"SearchAction\",\"target\":{\"@type\":\"EntryPoint\",\"urlTemplate\":\"https:\/\/auroracoop.com.br\/es\/?s={search_term_string}\"},\"query-input\":{\"@type\":\"PropertyValueSpecification\",\"valueRequired\":true,\"valueName\":\"search_term_string\"}}],\"inLanguage\":\"pt-BR\"},{\"@type\":\"Organization\",\"@id\":\"https:\/\/auroracoop.com.br\/es\/#organization\",\"name\":\"Aurora Coop\",\"url\":\"https:\/\/auroracoop.com.br\/es\/\",\"logo\":{\"@type\":\"ImageObject\",\"inLanguage\":\"pt-BR\",\"@id\":\"https:\/\/auroracoop.com.br\/es\/#\/schema\/logo\/image\/\",\"url\":\"https:\/\/auroracoop.com.br\/es\/wp-content\/uploads\/sites\/3\/2022\/04\/logo.svg\",\"contentUrl\":\"https:\/\/auroracoop.com.br\/es\/wp-content\/uploads\/sites\/3\/2022\/04\/logo.svg\",\"width\":230,\"height\":54,\"caption\":\"Aurora Coop\"},\"image\":{\"@id\":\"https:\/\/auroracoop.com.br\/es\/#\/schema\/logo\/image\/\"}}]}<\/script>\n<!-- \/ Yoast SEO plugin. -->","yoast_head_json":{"title":"Fundaci\u00f3n Aury Luiz Bodanese | Aurora Coop","robots":{"index":"index","follow":"follow","max-snippet":"max-snippet:-1","max-image-preview":"max-image-preview:large","max-video-preview":"max-video-preview:-1"},"canonical":"https:\/\/auroracoop.com.br\/es\/sustentabilidad\/fundacion-aury-luiz-bodanese\/","og_locale":"pt_BR","og_type":"article","og_title":"Fundaci\u00f3n Aury Luiz Bodanese | Aurora Coop","og_description":"Valora al ser humano y contribuye al ejercicio de la ciudadan\u00eda.","og_url":"https:\/\/auroracoop.com.br\/es\/sustentabilidad\/fundacion-aury-luiz-bodanese\/","og_site_name":"Aurora Coop","article_modified_time":"2022-11-17T16:51:23+00:00","og_image":[{"url":"https:\/\/auroracoop.com.br\/es\/wp-content\/uploads\/sites\/3\/2022\/04\/FALB.png","type":"","width":"","height":""}],"twitter_card":"summary_large_image","twitter_misc":{"Est. tempo de leitura":"2 minutos"},"schema":{"@context":"https:\/\/schema.org","@graph":[{"@type":"WebPage","@id":"https:\/\/auroracoop.com.br\/es\/sustentabilidad\/fundacion-aury-luiz-bodanese\/","url":"https:\/\/auroracoop.com.br\/es\/sustentabilidad\/fundacion-aury-luiz-bodanese\/","name":"Fundaci\u00f3n Aury Luiz Bodanese | Aurora Coop","isPartOf":{"@id":"https:\/\/auroracoop.com.br\/es\/#website"},"primaryImageOfPage":{"@id":"https:\/\/auroracoop.com.br\/es\/sustentabilidad\/fundacion-aury-luiz-bodanese\/#primaryimage"},"image":{"@id":"https:\/\/auroracoop.com.br\/es\/sustentabilidad\/fundacion-aury-luiz-bodanese\/#primaryimage"},"thumbnailUrl":"https:\/\/auroracoop.com.br\/es\/wp-content\/uploads\/sites\/3\/2022\/04\/FALB.png","datePublished":"2022-01-18T20:40:11+00:00","dateModified":"2022-11-17T16:51:23+00:00","breadcrumb":{"@id":"https:\/\/auroracoop.com.br\/es\/sustentabilidad\/fundacion-aury-luiz-bodanese\/#breadcrumb"},"inLanguage":"pt-BR","potentialAction":[{"@type":"ReadAction","target":["https:\/\/auroracoop.com.br\/es\/sustentabilidad\/fundacion-aury-luiz-bodanese\/"]}]},{"@type":"ImageObject","inLanguage":"pt-BR","@id":"https:\/\/auroracoop.com.br\/es\/sustentabilidad\/fundacion-aury-luiz-bodanese\/#primaryimage","url":"https:\/\/auroracoop.com.br\/es\/wp-content\/uploads\/sites\/3\/2022\/04\/FALB.png","contentUrl":"https:\/\/auroracoop.com.br\/es\/wp-content\/uploads\/sites\/3\/2022\/04\/FALB.png","width":1173,"height":1054,"caption":"FALB"},{"@type":"BreadcrumbList","@id":"https:\/\/auroracoop.com.br\/es\/sustentabilidad\/fundacion-aury-luiz-bodanese\/#breadcrumb","itemListElement":[{"@type":"ListItem","position":1,"name":"In\u00edcio","item":"https:\/\/auroracoop.com.br\/es\/"},{"@type":"ListItem","position":2,"name":"Sustentabilidad","item":"https:\/\/auroracoop.com.br\/es\/sustentabilidad\/"},{"@type":"ListItem","position":3,"name":"Fundaci\u00f3n Aury Luiz Bodanese"}]},{"@type":"WebSite","@id":"https:\/\/auroracoop.com.br\/es\/#website","url":"https:\/\/auroracoop.com.br\/es\/","name":"Aurora Coop","description":"Nuestra esencia est\u00e1 en las personas","publisher":{"@id":"https:\/\/auroracoop.com.br\/es\/#organization"},"potentialAction":[{"@type":"SearchAction","target":{"@type":"EntryPoint","urlTemplate":"https:\/\/auroracoop.com.br\/es\/?s={search_term_string}"},"query-input":{"@type":"PropertyValueSpecification","valueRequired":true,"valueName":"search_term_string"}}],"inLanguage":"pt-BR"},{"@type":"Organization","@id":"https:\/\/auroracoop.com.br\/es\/#organization","name":"Aurora Coop","url":"https:\/\/auroracoop.com.br\/es\/","logo":{"@type":"ImageObject","inLanguage":"pt-BR","@id":"https:\/\/auroracoop.com.br\/es\/#\/schema\/logo\/image\/","url":"https:\/\/auroracoop.com.br\/es\/wp-content\/uploads\/sites\/3\/2022\/04\/logo.svg","contentUrl":"https:\/\/auroracoop.com.br\/es\/wp-content\/uploads\/sites\/3\/2022\/04\/logo.svg","width":230,"height":54,"caption":"Aurora Coop"},"image":{"@id":"https:\/\/auroracoop.com.br\/es\/#\/schema\/logo\/image\/"}}]}},"_links":{"self":[{"href":"https:\/\/auroracoop.com.br\/es\/wp-json\/wp\/v2\/pages\/855","targetHints":{"allow":["GET"]}}],"collection":[{"href":"https:\/\/auroracoop.com.br\/es\/wp-json\/wp\/v2\/pages"}],"about":[{"href":"https:\/\/auroracoop.com.br\/es\/wp-json\/wp\/v2\/types\/page"}],"author":[{"embeddable":true,"href":"https:\/\/auroracoop.com.br\/es\/wp-json\/wp\/v2\/users\/1"}],"replies":[{"embeddable":true,"href":"https:\/\/auroracoop.com.br\/es\/wp-json\/wp\/v2\/comments?post=855"}],"version-history":[{"count":5,"href":"https:\/\/auroracoop.com.br\/es\/wp-json\/wp\/v2\/pages\/855\/revisions"}],"predecessor-version":[{"id":1983,"href":"https:\/\/auroracoop.com.br\/es\/wp-json\/wp\/v2\/pages\/855\/revisions\/1983"}],"up":[{"embeddable":true,"href":"https:\/\/auroracoop.com.br\/es\/wp-json\/wp\/v2\/pages\/928"}],"wp:attachment":[{"href":"https:\/\/auroracoop.com.br\/es\/wp-json\/wp\/v2\/media?parent=855"}],"curies":[{"name":"wp","href":"https:\/\/api.w.org\/{rel}","templated":true}]}}