{"id":935,"date":"2022-01-19T12:07:43","date_gmt":"2022-01-19T15:07:43","guid":{"rendered":"http:\/\/localhost:8888\/website-aurora-coop\/?page_id=935"},"modified":"2022-04-06T20:50:58","modified_gmt":"2022-04-06T23:50:58","slug":"oficina-de-prensa","status":"publish","type":"page","link":"https:\/\/auroracoop.com.br\/es\/comunicacion\/oficina-de-prensa\/","title":{"rendered":"Oficina de Prensa"},"content":{"rendered":"\n<p>Los comunicados y demandas de los medios de comunicaci\u00f3n y de los periodistas son atendidos exclusivamente por la oficina de prensa &#8211; MB Comunica\u00e7\u00e3o Ltda. Si es necesario, p\u00f3ngase en contacto con nosotros principalmente por correo electr\u00f3nico: <a href=\"mailto:mb@mbcomunicacao.com.br\">mb@mbcomunicacao.com.br<\/a>. Para solicitudes urgentes llamar al + 55 (49) 99967-4244.<\/p>\n","protected":false},"excerpt":{"rendered":"<p>Informaci\u00f3n oficial de Aurora Coop.<\/p>\n","protected":false},"author":1,"featured_media":0,"parent":924,"menu_order":0,"comment_status":"closed","ping_status":"closed","template":"page-imprensa.php","meta":{"footnotes":""},"class_list":["post-935","page","type-page","status-publish","hentry"],"acf":[],"yoast_head":"<!-- This site is optimized with the Yoast SEO plugin v26.8 - https:\/\/yoast.com\/product\/yoast-seo-wordpress\/ -->\n<title>Oficina de Prensa | Aurora Coop<\/title>\n<meta name=\"robots\" content=\"index, follow, max-snippet:-1, max-image-preview:large, max-video-preview:-1\" \/>\n<link rel=\"canonical\" href=\"https:\/\/auroracoop.com.br\/es\/comunicacion\/oficina-de-prensa\/\" \/>\n<meta property=\"og:locale\" content=\"pt_BR\" \/>\n<meta property=\"og:type\" content=\"article\" \/>\n<meta property=\"og:title\" content=\"Oficina de Prensa | Aurora Coop\" \/>\n<meta property=\"og:description\" content=\"Informaci\u00f3n oficial de Aurora Coop.\" \/>\n<meta property=\"og:url\" content=\"https:\/\/auroracoop.com.br\/es\/comunicacion\/oficina-de-prensa\/\" \/>\n<meta property=\"og:site_name\" content=\"Aurora Coop\" \/>\n<meta property=\"article:modified_time\" content=\"2022-04-06T23:50:58+00:00\" \/>\n<meta name=\"twitter:card\" content=\"summary_large_image\" \/>\n<meta name=\"twitter:label1\" content=\"Est. tempo de leitura\" \/>\n\t<meta name=\"twitter:data1\" content=\"1 minuto\" \/>\n<script type=\"application\/ld+json\" class=\"yoast-schema-graph\">{\"@context\":\"https:\/\/schema.org\",\"@graph\":[{\"@type\":\"WebPage\",\"@id\":\"https:\/\/auroracoop.com.br\/es\/comunicacion\/oficina-de-prensa\/\",\"url\":\"https:\/\/auroracoop.com.br\/es\/comunicacion\/oficina-de-prensa\/\",\"name\":\"Oficina de Prensa | Aurora Coop\",\"isPartOf\":{\"@id\":\"https:\/\/auroracoop.com.br\/es\/#website\"},\"datePublished\":\"2022-01-19T15:07:43+00:00\",\"dateModified\":\"2022-04-06T23:50:58+00:00\",\"breadcrumb\":{\"@id\":\"https:\/\/auroracoop.com.br\/es\/comunicacion\/oficina-de-prensa\/#breadcrumb\"},\"inLanguage\":\"pt-BR\",\"potentialAction\":[{\"@type\":\"ReadAction\",\"target\":[\"https:\/\/auroracoop.com.br\/es\/comunicacion\/oficina-de-prensa\/\"]}]},{\"@type\":\"BreadcrumbList\",\"@id\":\"https:\/\/auroracoop.com.br\/es\/comunicacion\/oficina-de-prensa\/#breadcrumb\",\"itemListElement\":[{\"@type\":\"ListItem\",\"position\":1,\"name\":\"In\u00edcio\",\"item\":\"https:\/\/auroracoop.com.br\/es\/\"},{\"@type\":\"ListItem\",\"position\":2,\"name\":\"Comunicaci\u00f3n\",\"item\":\"https:\/\/auroracoop.com.br\/es\/comunicacion\/\"},{\"@type\":\"ListItem\",\"position\":3,\"name\":\"Oficina de Prensa\"}]},{\"@type\":\"WebSite\",\"@id\":\"https:\/\/auroracoop.com.br\/es\/#website\",\"url\":\"https:\/\/auroracoop.com.br\/es\/\",\"name\":\"Aurora Coop\",\"description\":\"Nuestra esencia est\u00e1 en las personas\",\"publisher\":{\"@id\":\"https:\/\/auroracoop.com.br\/es\/#organization\"},\"potentialAction\":[{\"@type\":\"SearchAction\",\"target\":{\"@type\":\"EntryPoint\",\"urlTemplate\":\"https:\/\/auroracoop.com.br\/es\/?s={search_term_string}\"},\"query-input\":{\"@type\":\"PropertyValueSpecification\",\"valueRequired\":true,\"valueName\":\"search_term_string\"}}],\"inLanguage\":\"pt-BR\"},{\"@type\":\"Organization\",\"@id\":\"https:\/\/auroracoop.com.br\/es\/#organization\",\"name\":\"Aurora Coop\",\"url\":\"https:\/\/auroracoop.com.br\/es\/\",\"logo\":{\"@type\":\"ImageObject\",\"inLanguage\":\"pt-BR\",\"@id\":\"https:\/\/auroracoop.com.br\/es\/#\/schema\/logo\/image\/\",\"url\":\"https:\/\/auroracoop.com.br\/es\/wp-content\/uploads\/sites\/3\/2022\/04\/logo.svg\",\"contentUrl\":\"https:\/\/auroracoop.com.br\/es\/wp-content\/uploads\/sites\/3\/2022\/04\/logo.svg\",\"width\":230,\"height\":54,\"caption\":\"Aurora Coop\"},\"image\":{\"@id\":\"https:\/\/auroracoop.com.br\/es\/#\/schema\/logo\/image\/\"}}]}<\/script>\n<!-- \/ Yoast SEO plugin. -->","yoast_head_json":{"title":"Oficina de Prensa | Aurora Coop","robots":{"index":"index","follow":"follow","max-snippet":"max-snippet:-1","max-image-preview":"max-image-preview:large","max-video-preview":"max-video-preview:-1"},"canonical":"https:\/\/auroracoop.com.br\/es\/comunicacion\/oficina-de-prensa\/","og_locale":"pt_BR","og_type":"article","og_title":"Oficina de Prensa | Aurora Coop","og_description":"Informaci\u00f3n oficial de Aurora Coop.","og_url":"https:\/\/auroracoop.com.br\/es\/comunicacion\/oficina-de-prensa\/","og_site_name":"Aurora Coop","article_modified_time":"2022-04-06T23:50:58+00:00","twitter_card":"summary_large_image","twitter_misc":{"Est. tempo de leitura":"1 minuto"},"schema":{"@context":"https:\/\/schema.org","@graph":[{"@type":"WebPage","@id":"https:\/\/auroracoop.com.br\/es\/comunicacion\/oficina-de-prensa\/","url":"https:\/\/auroracoop.com.br\/es\/comunicacion\/oficina-de-prensa\/","name":"Oficina de Prensa | Aurora Coop","isPartOf":{"@id":"https:\/\/auroracoop.com.br\/es\/#website"},"datePublished":"2022-01-19T15:07:43+00:00","dateModified":"2022-04-06T23:50:58+00:00","breadcrumb":{"@id":"https:\/\/auroracoop.com.br\/es\/comunicacion\/oficina-de-prensa\/#breadcrumb"},"inLanguage":"pt-BR","potentialAction":[{"@type":"ReadAction","target":["https:\/\/auroracoop.com.br\/es\/comunicacion\/oficina-de-prensa\/"]}]},{"@type":"BreadcrumbList","@id":"https:\/\/auroracoop.com.br\/es\/comunicacion\/oficina-de-prensa\/#breadcrumb","itemListElement":[{"@type":"ListItem","position":1,"name":"In\u00edcio","item":"https:\/\/auroracoop.com.br\/es\/"},{"@type":"ListItem","position":2,"name":"Comunicaci\u00f3n","item":"https:\/\/auroracoop.com.br\/es\/comunicacion\/"},{"@type":"ListItem","position":3,"name":"Oficina de Prensa"}]},{"@type":"WebSite","@id":"https:\/\/auroracoop.com.br\/es\/#website","url":"https:\/\/auroracoop.com.br\/es\/","name":"Aurora Coop","description":"Nuestra esencia est\u00e1 en las personas","publisher":{"@id":"https:\/\/auroracoop.com.br\/es\/#organization"},"potentialAction":[{"@type":"SearchAction","target":{"@type":"EntryPoint","urlTemplate":"https:\/\/auroracoop.com.br\/es\/?s={search_term_string}"},"query-input":{"@type":"PropertyValueSpecification","valueRequired":true,"valueName":"search_term_string"}}],"inLanguage":"pt-BR"},{"@type":"Organization","@id":"https:\/\/auroracoop.com.br\/es\/#organization","name":"Aurora Coop","url":"https:\/\/auroracoop.com.br\/es\/","logo":{"@type":"ImageObject","inLanguage":"pt-BR","@id":"https:\/\/auroracoop.com.br\/es\/#\/schema\/logo\/image\/","url":"https:\/\/auroracoop.com.br\/es\/wp-content\/uploads\/sites\/3\/2022\/04\/logo.svg","contentUrl":"https:\/\/auroracoop.com.br\/es\/wp-content\/uploads\/sites\/3\/2022\/04\/logo.svg","width":230,"height":54,"caption":"Aurora Coop"},"image":{"@id":"https:\/\/auroracoop.com.br\/es\/#\/schema\/logo\/image\/"}}]}},"_links":{"self":[{"href":"https:\/\/auroracoop.com.br\/es\/wp-json\/wp\/v2\/pages\/935","targetHints":{"allow":["GET"]}}],"collection":[{"href":"https:\/\/auroracoop.com.br\/es\/wp-json\/wp\/v2\/pages"}],"about":[{"href":"https:\/\/auroracoop.com.br\/es\/wp-json\/wp\/v2\/types\/page"}],"author":[{"embeddable":true,"href":"https:\/\/auroracoop.com.br\/es\/wp-json\/wp\/v2\/users\/1"}],"replies":[{"embeddable":true,"href":"https:\/\/auroracoop.com.br\/es\/wp-json\/wp\/v2\/comments?post=935"}],"version-history":[{"count":3,"href":"https:\/\/auroracoop.com.br\/es\/wp-json\/wp\/v2\/pages\/935\/revisions"}],"predecessor-version":[{"id":1857,"href":"https:\/\/auroracoop.com.br\/es\/wp-json\/wp\/v2\/pages\/935\/revisions\/1857"}],"up":[{"embeddable":true,"href":"https:\/\/auroracoop.com.br\/es\/wp-json\/wp\/v2\/pages\/924"}],"wp:attachment":[{"href":"https:\/\/auroracoop.com.br\/es\/wp-json\/wp\/v2\/media?parent=935"}],"curies":[{"name":"wp","href":"https:\/\/api.w.org\/{rel}","templated":true}]}}